{"id":844,"date":"2024-11-22T03:32:17","date_gmt":"2024-11-22T03:32:17","guid":{"rendered":"https:\/\/khiva.io\/?page_id=844"},"modified":"2025-02-28T20:56:01","modified_gmt":"2025-02-28T20:56:01","slug":"contactanos","status":"publish","type":"page","link":"https:\/\/khiva.io\/es\/contactanos\/","title":{"rendered":"Cont\u00e1ctanos"},"content":{"rendered":"<p><div id=\"more\" class=\"fusion-container-anchor\"><main class=\"fusion-fullwidth fullwidth-box fusion-builder-row-1 fusion-flex-container has-pattern-background has-mask-background nonhundred-percent-fullwidth non-hundred-percent-height-scrolling\" style=\"--awb-border-radius-top-left:0px;--awb-border-radius-top-right:0px;--awb-border-radius-bottom-right:0px;--awb-border-radius-bottom-left:0px;--awb-padding-top:60px;--awb-padding-bottom:30px;--awb-padding-top-small:30px;--awb-padding-bottom-small:0px;--awb-margin-bottom:30px;--awb-background-color:var(--awb-color8);--awb-flex-wrap:wrap;\" ><div class=\"fusion-builder-row fusion-row fusion-flex-align-items-flex-start fusion-flex-justify-content-center fusion-flex-content-wrap\" style=\"max-width:1248px;margin-left: calc(-4% \/ 2 );margin-right: calc(-4% \/ 2 );\"><div class=\"fusion-layout-column fusion_builder_column fusion-builder-column-0 fusion_builder_column_1_1 1_1 fusion-flex-column\" style=\"--awb-bg-size:cover;--awb-width-large:100%;--awb-margin-top-large:0px;--awb-spacing-right-large:1.92%;--awb-margin-bottom-large:20px;--awb-spacing-left-large:1.92%;--awb-width-medium:100%;--awb-order-medium:0;--awb-spacing-right-medium:1.92%;--awb-spacing-left-medium:1.92%;--awb-width-small:100%;--awb-order-small:0;--awb-spacing-right-small:1.92%;--awb-spacing-left-small:1.92%;\" data-scroll-devices=\"small-visibility,medium-visibility,large-visibility\"><div class=\"fusion-column-wrapper fusion-column-has-shadow fusion-flex-justify-content-flex-start fusion-content-layout-row fusion-flex-align-items-center\"><div class=\"fusion-image-element \" style=\"text-align:left;--awb-margin-right:20px;--awb-caption-title-font-family:var(--h2_typography-font-family);--awb-caption-title-font-weight:var(--h2_typography-font-weight);--awb-caption-title-font-style:var(--h2_typography-font-style);--awb-caption-title-size:var(--h2_typography-font-size);--awb-caption-title-transform:var(--h2_typography-text-transform);--awb-caption-title-line-height:var(--h2_typography-line-height);--awb-caption-title-letter-spacing:var(--h2_typography-letter-spacing);\"><span class=\" fusion-imageframe imageframe-none imageframe-1 hover-type-none\"><img decoding=\"async\" width=\"63\" height=\"70\" title=\"Contact-Us-icon\" src=\"data:image\/svg+xml,%3Csvg%20xmlns%3D%27http%3A%2F%2Fwww.w3.org%2F2000%2Fsvg%27%20width%3D%2763%27%20height%3D%2770%27%20viewBox%3D%270%200%2063%2070%27%3E%3Crect%20width%3D%2763%27%20height%3D%2770%27%20fill-opacity%3D%220%22%2F%3E%3C%2Fsvg%3E\" data-orig-src=\"http:\/\/khiva.io\/wp-content\/uploads\/2025\/02\/Contact-Us-icon.webp\" alt class=\"lazyload img-responsive wp-image-735\"\/><\/span><\/div><div class=\"fusion-title title fusion-title-1 fusion-sep-none fusion-title-text fusion-title-size-two\"><h2 class=\"fusion-title-heading title-heading-left\" style=\"margin:0;\">Cont\u00e1ctanos<\/h2><\/div><\/div><\/div><div class=\"fusion-layout-column fusion_builder_column fusion-builder-column-1 fusion_builder_column_1_1 1_1 fusion-flex-column\" style=\"--awb-bg-size:cover;--awb-width-large:100%;--awb-margin-top-large:0px;--awb-spacing-right-large:1.92%;--awb-margin-bottom-large:20px;--awb-spacing-left-large:1.92%;--awb-width-medium:100%;--awb-order-medium:0;--awb-spacing-right-medium:1.92%;--awb-spacing-left-medium:1.92%;--awb-width-small:100%;--awb-order-small:0;--awb-spacing-right-small:1.92%;--awb-spacing-left-small:1.92%;\" data-scroll-devices=\"small-visibility,medium-visibility,large-visibility\"><div class=\"fusion-column-wrapper fusion-column-has-shadow fusion-flex-justify-content-flex-start fusion-content-layout-column\"><div class=\"fusion-text fusion-text-1 intro\" style=\"--awb-content-alignment:left;\"><p><b>\u00bfListo para transformar tu negocio?<\/b> Con\u00e9ctate con nuestro equipo de expertos para discutir c\u00f3mo podemos ayudarte a navegar y prosperar en la era digital. Estamos aqu\u00ed para escuchar tus necesidades y explorar soluciones juntos.<\/p>\n<\/div><\/div><\/div><\/div><\/main><\/div><main class=\"fusion-fullwidth fullwidth-box fusion-builder-row-2 fusion-flex-container has-pattern-background has-mask-background nonhundred-percent-fullwidth non-hundred-percent-height-scrolling\" style=\"--awb-border-radius-top-left:0px;--awb-border-radius-top-right:0px;--awb-border-radius-bottom-right:0px;--awb-border-radius-bottom-left:0px;--awb-flex-wrap:wrap;\" ><div class=\"fusion-builder-row fusion-row fusion-flex-align-items-flex-start fusion-flex-content-wrap\" style=\"max-width:1248px;margin-left: calc(-4% \/ 2 );margin-right: calc(-4% \/ 2 );\"><div class=\"fusion-layout-column fusion_builder_column fusion-builder-column-2 fusion_builder_column_1_2 1_2 fusion-flex-column\" style=\"--awb-bg-size:cover;--awb-width-large:50%;--awb-margin-top-large:0px;--awb-spacing-right-large:3.84%;--awb-margin-bottom-large:20px;--awb-spacing-left-large:3.84%;--awb-width-medium:50%;--awb-order-medium:0;--awb-spacing-right-medium:3.84%;--awb-spacing-left-medium:3.84%;--awb-width-small:100%;--awb-order-small:0;--awb-spacing-right-small:1.92%;--awb-spacing-left-small:1.92%;\"><div class=\"fusion-column-wrapper fusion-column-has-shadow fusion-flex-justify-content-flex-start fusion-content-layout-column\"><script charset=\"utf-8\" type=\"text\/javascript\" src=\"\/\/js.hsforms.net\/forms\/embed\/v2.js\"><\/script>\n<script>\n  hbspt.forms.create({\n    portalId: \"48282891\",\n    formId: \"9167b176-9f1b-41f8-a508-9625ce2c230d\",\n    region: \"na1\"\n  });\n<\/script><\/div><\/div><div class=\"fusion-layout-column fusion_builder_column fusion-builder-column-3 fusion_builder_column_1_2 1_2 fusion-flex-column\" style=\"--awb-bg-size:cover;--awb-width-large:50%;--awb-margin-top-large:0px;--awb-spacing-right-large:3.84%;--awb-margin-bottom-large:20px;--awb-spacing-left-large:3.84%;--awb-width-medium:50%;--awb-order-medium:0;--awb-spacing-right-medium:3.84%;--awb-spacing-left-medium:3.84%;--awb-width-small:100%;--awb-order-small:0;--awb-spacing-right-small:1.92%;--awb-spacing-left-small:1.92%;\"><div class=\"fusion-column-wrapper fusion-column-has-shadow fusion-flex-justify-content-flex-start fusion-content-layout-column\"><div class=\"fusion-image-element \" style=\"--awb-caption-title-font-family:var(--h2_typography-font-family);--awb-caption-title-font-weight:var(--h2_typography-font-weight);--awb-caption-title-font-style:var(--h2_typography-font-style);--awb-caption-title-size:var(--h2_typography-font-size);--awb-caption-title-transform:var(--h2_typography-text-transform);--awb-caption-title-line-height:var(--h2_typography-line-height);--awb-caption-title-letter-spacing:var(--h2_typography-letter-spacing);\"><span class=\" fusion-imageframe imageframe-none imageframe-2 hover-type-none\"><img decoding=\"async\" width=\"973\" height=\"700\" src=\"https:\/\/khiva.io\/wp-content\/uploads\/2024\/12\/Contact-Us-Khiva-Strategix-Services-v2.webp\" data-orig-src=\"http:\/\/khiva.io\/wp-content\/uploads\/2024\/12\/Contact-Us-Khiva-Strategix-Services-v2.webp\" alt class=\"lazyload img-responsive wp-image-709\" srcset=\"data:image\/svg+xml,%3Csvg%20xmlns%3D%27http%3A%2F%2Fwww.w3.org%2F2000%2Fsvg%27%20width%3D%27973%27%20height%3D%27700%27%20viewBox%3D%270%200%20973%20700%27%3E%3Crect%20width%3D%27973%27%20height%3D%27700%27%20fill-opacity%3D%220%22%2F%3E%3C%2Fsvg%3E\" data-srcset=\"https:\/\/khiva.io\/wp-content\/uploads\/2024\/12\/Contact-Us-Khiva-Strategix-Services-v2-200x144.webp 200w, https:\/\/khiva.io\/wp-content\/uploads\/2024\/12\/Contact-Us-Khiva-Strategix-Services-v2-300x216.webp 300w, https:\/\/khiva.io\/wp-content\/uploads\/2024\/12\/Contact-Us-Khiva-Strategix-Services-v2-400x288.webp 400w, https:\/\/khiva.io\/wp-content\/uploads\/2024\/12\/Contact-Us-Khiva-Strategix-Services-v2-500x360.webp 500w, https:\/\/khiva.io\/wp-content\/uploads\/2024\/12\/Contact-Us-Khiva-Strategix-Services-v2-600x432.webp 600w, https:\/\/khiva.io\/wp-content\/uploads\/2024\/12\/Contact-Us-Khiva-Strategix-Services-v2-700x504.webp 700w, https:\/\/khiva.io\/wp-content\/uploads\/2024\/12\/Contact-Us-Khiva-Strategix-Services-v2-768x553.webp 768w, https:\/\/khiva.io\/wp-content\/uploads\/2024\/12\/Contact-Us-Khiva-Strategix-Services-v2-800x576.webp 800w, https:\/\/khiva.io\/wp-content\/uploads\/2024\/12\/Contact-Us-Khiva-Strategix-Services-v2.webp 973w\" data-sizes=\"auto\" data-orig-sizes=\"(max-width: 640px) 100vw, 600px\" \/><\/span><\/div><\/div><\/div><\/div><\/main><\/p>\n","protected":false},"excerpt":{"rendered":"","protected":false},"author":1,"featured_media":0,"parent":0,"menu_order":0,"comment_status":"closed","ping_status":"closed","template":"100-width.php","meta":{"content-type":"","footnotes":""},"class_list":["post-844","page","type-page","status-publish","hentry"],"yoast_head":"<!-- This site is optimized with the Yoast SEO plugin v25.8 - https:\/\/yoast.com\/wordpress\/plugins\/seo\/ -->\n<title>Cont\u00e1ctanos - Khiva Intelligence<\/title>\n<meta name=\"robots\" content=\"index, follow, max-snippet:-1, max-image-preview:large, max-video-preview:-1\" \/>\n<link rel=\"canonical\" href=\"https:\/\/khiva.io\/es\/contactanos\/\" \/>\n<meta property=\"og:locale\" content=\"es_ES\" \/>\n<meta property=\"og:type\" content=\"article\" \/>\n<meta property=\"og:title\" content=\"Cont\u00e1ctanos - Khiva Intelligence\" \/>\n<meta property=\"og:url\" content=\"https:\/\/khiva.io\/es\/contactanos\/\" \/>\n<meta property=\"og:site_name\" content=\"Khiva Intelligence\" \/>\n<meta property=\"article:modified_time\" content=\"2025-02-28T20:56:01+00:00\" \/>\n<meta name=\"twitter:card\" content=\"summary_large_image\" \/>\n<meta name=\"twitter:label1\" content=\"Tiempo de lectura\" \/>\n\t<meta name=\"twitter:data1\" content=\"20 minutos\" \/>\n<script type=\"application\/ld+json\" class=\"yoast-schema-graph\">{\"@context\":\"https:\/\/schema.org\",\"@graph\":[{\"@type\":\"WebPage\",\"@id\":\"https:\/\/khiva.io\/es\/contactanos\/\",\"url\":\"https:\/\/khiva.io\/es\/contactanos\/\",\"name\":\"Cont\u00e1ctanos - Khiva Intelligence\",\"isPartOf\":{\"@id\":\"https:\/\/100.24.167.4\/#website\"},\"datePublished\":\"2024-11-22T03:32:17+00:00\",\"dateModified\":\"2025-02-28T20:56:01+00:00\",\"breadcrumb\":{\"@id\":\"https:\/\/khiva.io\/es\/contactanos\/#breadcrumb\"},\"inLanguage\":\"es\",\"potentialAction\":[{\"@type\":\"ReadAction\",\"target\":[\"https:\/\/khiva.io\/es\/contactanos\/\"]}]},{\"@type\":\"BreadcrumbList\",\"@id\":\"https:\/\/khiva.io\/es\/contactanos\/#breadcrumb\",\"itemListElement\":[{\"@type\":\"ListItem\",\"position\":1,\"name\":\"Home\",\"item\":\"https:\/\/khiva.io\/es\/\"},{\"@type\":\"ListItem\",\"position\":2,\"name\":\"Cont\u00e1ctanos\"}]},{\"@type\":\"WebSite\",\"@id\":\"https:\/\/100.24.167.4\/#website\",\"url\":\"https:\/\/100.24.167.4\/\",\"name\":\"Khiva Intelligence\",\"description\":\"Strategix Services\",\"potentialAction\":[{\"@type\":\"SearchAction\",\"target\":{\"@type\":\"EntryPoint\",\"urlTemplate\":\"https:\/\/100.24.167.4\/?s={search_term_string}\"},\"query-input\":{\"@type\":\"PropertyValueSpecification\",\"valueRequired\":true,\"valueName\":\"search_term_string\"}}],\"inLanguage\":\"es\"}]}<\/script>\n<!-- \/ Yoast SEO plugin. -->","yoast_head_json":{"title":"Cont\u00e1ctanos - Khiva Intelligence","robots":{"index":"index","follow":"follow","max-snippet":"max-snippet:-1","max-image-preview":"max-image-preview:large","max-video-preview":"max-video-preview:-1"},"canonical":"https:\/\/khiva.io\/es\/contactanos\/","og_locale":"es_ES","og_type":"article","og_title":"Cont\u00e1ctanos - Khiva Intelligence","og_url":"https:\/\/khiva.io\/es\/contactanos\/","og_site_name":"Khiva Intelligence","article_modified_time":"2025-02-28T20:56:01+00:00","twitter_card":"summary_large_image","twitter_misc":{"Tiempo de lectura":"20 minutos"},"schema":{"@context":"https:\/\/schema.org","@graph":[{"@type":"WebPage","@id":"https:\/\/khiva.io\/es\/contactanos\/","url":"https:\/\/khiva.io\/es\/contactanos\/","name":"Cont\u00e1ctanos - Khiva Intelligence","isPartOf":{"@id":"https:\/\/100.24.167.4\/#website"},"datePublished":"2024-11-22T03:32:17+00:00","dateModified":"2025-02-28T20:56:01+00:00","breadcrumb":{"@id":"https:\/\/khiva.io\/es\/contactanos\/#breadcrumb"},"inLanguage":"es","potentialAction":[{"@type":"ReadAction","target":["https:\/\/khiva.io\/es\/contactanos\/"]}]},{"@type":"BreadcrumbList","@id":"https:\/\/khiva.io\/es\/contactanos\/#breadcrumb","itemListElement":[{"@type":"ListItem","position":1,"name":"Home","item":"https:\/\/khiva.io\/es\/"},{"@type":"ListItem","position":2,"name":"Cont\u00e1ctanos"}]},{"@type":"WebSite","@id":"https:\/\/100.24.167.4\/#website","url":"https:\/\/100.24.167.4\/","name":"Khiva Intelligence","description":"Strategix Services","potentialAction":[{"@type":"SearchAction","target":{"@type":"EntryPoint","urlTemplate":"https:\/\/100.24.167.4\/?s={search_term_string}"},"query-input":{"@type":"PropertyValueSpecification","valueRequired":true,"valueName":"search_term_string"}}],"inLanguage":"es"}]}},"_links":{"self":[{"href":"https:\/\/khiva.io\/es\/wp-json\/wp\/v2\/pages\/844","targetHints":{"allow":["GET"]}}],"collection":[{"href":"https:\/\/khiva.io\/es\/wp-json\/wp\/v2\/pages"}],"about":[{"href":"https:\/\/khiva.io\/es\/wp-json\/wp\/v2\/types\/page"}],"author":[{"embeddable":true,"href":"https:\/\/khiva.io\/es\/wp-json\/wp\/v2\/users\/1"}],"replies":[{"embeddable":true,"href":"https:\/\/khiva.io\/es\/wp-json\/wp\/v2\/comments?post=844"}],"version-history":[{"count":3,"href":"https:\/\/khiva.io\/es\/wp-json\/wp\/v2\/pages\/844\/revisions"}],"predecessor-version":[{"id":859,"href":"https:\/\/khiva.io\/es\/wp-json\/wp\/v2\/pages\/844\/revisions\/859"}],"wp:attachment":[{"href":"https:\/\/khiva.io\/es\/wp-json\/wp\/v2\/media?parent=844"}],"curies":[{"name":"wp","href":"https:\/\/api.w.org\/{rel}","templated":true}]}}