{"id":791,"date":"2024-11-21T23:54:08","date_gmt":"2024-11-21T23:54:08","guid":{"rendered":"https:\/\/khiva.io\/strategix-solutions\/"},"modified":"2025-02-28T23:58:32","modified_gmt":"2025-02-28T23:58:32","slug":"strategix-solutions","status":"publish","type":"page","link":"https:\/\/khiva.io\/es\/strategix-solutions\/","title":{"rendered":"Strategix Solutions"},"content":{"rendered":"<p><section class=\"fusion-fullwidth fullwidth-box fusion-builder-row-1 fusion-flex-container has-pattern-background has-mask-background fusion-parallax-none nonhundred-percent-fullwidth non-hundred-percent-height-scrolling lazyload\" style=\"--awb-background-position:center top;--awb-border-radius-top-left:0px;--awb-border-radius-top-right:0px;--awb-border-radius-bottom-right:0px;--awb-border-radius-bottom-left:0px;--awb-margin-top:0px;--awb-margin-bottom:0px;--awb-background-size:cover;--awb-flex-wrap:wrap;\" data-bg=\"http:\/\/khiva.io\/wp-content\/uploads\/2025\/02\/Strategix-Solutions-Khiva-Strategix-Services-v3.webp\" data-fusion-responsive-bg=\"1\" data-bg-small=\"http:\/\/khiva.io\/wp-content\/uploads\/2025\/02\/Strategix-Solutions-Khiva-Strategix-Services-v3-mobile.webp\" ><div class=\"fusion-builder-row fusion-row fusion-flex-align-items-flex-start fusion-flex-content-wrap\" style=\"max-width:1248px;margin-left: calc(-4% \/ 2 );margin-right: calc(-4% \/ 2 );\"><div class=\"fusion-layout-column fusion_builder_column fusion-builder-column-0 fusion_builder_column_1_1 1_1 fusion-flex-column\" style=\"--awb-padding-top:400px;--awb-padding-bottom:60px;--awb-padding-top-small:380px;--awb-padding-bottom-small:20px;--awb-bg-size:cover;--awb-width-large:100%;--awb-margin-top-large:0px;--awb-spacing-right-large:1.92%;--awb-margin-bottom-large:20px;--awb-spacing-left-large:1.92%;--awb-width-medium:100%;--awb-order-medium:0;--awb-spacing-right-medium:1.92%;--awb-spacing-left-medium:1.92%;--awb-width-small:100%;--awb-order-small:0;--awb-spacing-right-small:1.92%;--awb-spacing-left-small:1.92%;\" data-scroll-devices=\"small-visibility,medium-visibility,large-visibility\"><div class=\"fusion-column-wrapper fusion-column-has-shadow fusion-flex-justify-content-flex-start fusion-content-layout-column\"><div class=\"fusion-title title fusion-title-1 fusion-sep-none fusion-title-text fusion-title-size-one banner-title\" style=\"--awb-text-color:var(--awb-color2);--awb-font-size:2.5em;\"><h1 class=\"fusion-title-heading title-heading-left\" style=\"font-family:var(--awb-typography1-font-family);font-weight:var(--awb-typography1-font-weight);font-style:var(--awb-typography1-font-style);margin:0;font-size:1em;letter-spacing:var(--awb-typography1-letter-spacing);text-transform:var(--awb-typography1-text-transform);line-height:var(--awb-typography1-line-height);text-shadow:6px 6px 10px rgba(24,35,74,0.8);\"><span style=\"color: #fff;\">STRATEGI<\/span>X<br \/>\n<span class=\"banner-subtitle\">SOLUTIONS<\/span><\/h1><\/div><\/div><\/div><\/div><\/section><div id=\"more\" class=\"fusion-container-anchor\"><main class=\"fusion-fullwidth fullwidth-box fusion-builder-row-2 fusion-flex-container has-pattern-background has-mask-background nonhundred-percent-fullwidth non-hundred-percent-height-scrolling\" style=\"--awb-border-radius-top-left:0px;--awb-border-radius-top-right:0px;--awb-border-radius-bottom-right:0px;--awb-border-radius-bottom-left:0px;--awb-padding-top:60px;--awb-padding-bottom:30px;--awb-margin-bottom:30px;--awb-background-color:var(--awb-color8);--awb-flex-wrap:wrap;\" ><div class=\"fusion-builder-row fusion-row fusion-flex-align-items-flex-start fusion-flex-justify-content-center fusion-flex-content-wrap\" style=\"max-width:1248px;margin-left: calc(-4% \/ 2 );margin-right: calc(-4% \/ 2 );\"><div class=\"fusion-layout-column fusion_builder_column fusion-builder-column-1 fusion_builder_column_1_1 1_1 fusion-flex-column\" style=\"--awb-bg-size:cover;--awb-width-large:100%;--awb-margin-top-large:0px;--awb-spacing-right-large:1.92%;--awb-margin-bottom-large:20px;--awb-spacing-left-large:1.92%;--awb-width-medium:100%;--awb-order-medium:0;--awb-spacing-right-medium:1.92%;--awb-spacing-left-medium:1.92%;--awb-width-small:100%;--awb-order-small:0;--awb-spacing-right-small:1.92%;--awb-spacing-left-small:1.92%;\" data-scroll-devices=\"small-visibility,medium-visibility,large-visibility\"><div class=\"fusion-column-wrapper fusion-column-has-shadow fusion-flex-justify-content-flex-start fusion-content-layout-row fusion-flex-align-items-center\"><div class=\"fusion-image-element \" style=\"text-align:left;--awb-margin-right:20px;--awb-caption-title-font-family:var(--h2_typography-font-family);--awb-caption-title-font-weight:var(--h2_typography-font-weight);--awb-caption-title-font-style:var(--h2_typography-font-style);--awb-caption-title-size:var(--h2_typography-font-size);--awb-caption-title-transform:var(--h2_typography-text-transform);--awb-caption-title-line-height:var(--h2_typography-line-height);--awb-caption-title-letter-spacing:var(--h2_typography-letter-spacing);\"><span class=\" fusion-imageframe imageframe-none imageframe-1 hover-type-none\"><img decoding=\"async\" width=\"70\" height=\"70\" src=\"https:\/\/khiva.io\/wp-content\/uploads\/2024\/11\/Stategix-Solutions-icon.webp\" data-orig-src=\"http:\/\/khiva.io\/wp-content\/uploads\/2024\/11\/Stategix-Solutions-icon.webp\" alt class=\"lazyload img-responsive wp-image-705\" srcset=\"data:image\/svg+xml,%3Csvg%20xmlns%3D%27http%3A%2F%2Fwww.w3.org%2F2000%2Fsvg%27%20width%3D%2770%27%20height%3D%2770%27%20viewBox%3D%270%200%2070%2070%27%3E%3Crect%20width%3D%2770%27%20height%3D%2770%27%20fill-opacity%3D%220%22%2F%3E%3C%2Fsvg%3E\" data-srcset=\"https:\/\/khiva.io\/wp-content\/uploads\/2024\/11\/Stategix-Solutions-icon-66x66.webp 66w, https:\/\/khiva.io\/wp-content\/uploads\/2024\/11\/Stategix-Solutions-icon.webp 70w\" data-sizes=\"auto\" data-orig-sizes=\"(max-width: 640px) 100vw, 70px\" \/><\/span><\/div><div class=\"fusion-title title fusion-title-2 fusion-sep-none fusion-title-text fusion-title-size-two\"><h2 class=\"fusion-title-heading title-heading-left\" style=\"margin:0;\">Strategi<span style=\"color: #00ffff;\">x<\/span> Solutions<\/h2><\/div><\/div><\/div><div class=\"fusion-layout-column fusion_builder_column fusion-builder-column-2 fusion_builder_column_1_1 1_1 fusion-flex-column\" style=\"--awb-bg-size:cover;--awb-width-large:100%;--awb-margin-top-large:0px;--awb-spacing-right-large:1.92%;--awb-margin-bottom-large:20px;--awb-spacing-left-large:1.92%;--awb-width-medium:100%;--awb-order-medium:0;--awb-spacing-right-medium:1.92%;--awb-spacing-left-medium:1.92%;--awb-width-small:100%;--awb-order-small:0;--awb-spacing-right-small:1.92%;--awb-spacing-left-small:1.92%;\" data-scroll-devices=\"small-visibility,medium-visibility,large-visibility\"><div class=\"fusion-column-wrapper fusion-column-has-shadow fusion-flex-justify-content-flex-start fusion-content-layout-column\"><div class=\"fusion-text fusion-text-1 intro\" style=\"--awb-content-alignment:left;\"><p>En <b>Khiva Intelligence<\/b>, nuestras <b>\u201cStrategix Solutions\u201d<\/b> son sin\u00f3nimo de liderazgo y vanguardia en la transformaci\u00f3n empresarial. Nuestro enfoque hol\u00edstico se nutre de <b>\u201cStrategix Services\u201d<\/b>, una gama de servicios avanzados que incluyen inteligencia de datos, transformaci\u00f3n digital, agilidad empresarial y excelencia operacional. Cada servicio, desde el manejo de Big Data hasta la aplicaci\u00f3n de Business y Advanced Analytics, es una pieza clave dise\u00f1ada para impulsar a los negocios hacia la eficiencia, la innovaci\u00f3n y la seguridad en la era digital.<\/p>\n<\/div><\/div><\/div><\/div><\/main><\/div><main class=\"fusion-fullwidth fullwidth-box fusion-builder-row-3 fusion-flex-container has-pattern-background has-mask-background nonhundred-percent-fullwidth non-hundred-percent-height-scrolling\" style=\"--awb-border-radius-top-left:0px;--awb-border-radius-top-right:0px;--awb-border-radius-bottom-right:0px;--awb-border-radius-bottom-left:0px;--awb-flex-wrap:wrap;\" ><div class=\"fusion-builder-row fusion-row fusion-flex-align-items-flex-start fusion-flex-content-wrap\" style=\"max-width:1248px;margin-left: calc(-4% \/ 2 );margin-right: calc(-4% \/ 2 );\"><div class=\"fusion-layout-column fusion_builder_column fusion-builder-column-3 fusion_builder_column_1_1 1_1 fusion-flex-column\" style=\"--awb-bg-size:cover;--awb-width-large:100%;--awb-margin-top-large:0px;--awb-spacing-right-large:1.92%;--awb-margin-bottom-large:20px;--awb-spacing-left-large:1.92%;--awb-width-medium:100%;--awb-order-medium:0;--awb-spacing-right-medium:1.92%;--awb-spacing-left-medium:1.92%;--awb-width-small:100%;--awb-order-small:0;--awb-spacing-right-small:1.92%;--awb-spacing-left-small:1.92%;\"><div class=\"fusion-column-wrapper fusion-column-has-shadow fusion-flex-justify-content-flex-start fusion-content-layout-column\"><div class=\"fusion-title title fusion-title-3 fusion-sep-none fusion-title-text fusion-title-size-one\" style=\"--awb-text-color:var(--awb-color1);--awb-margin-bottom:30px;\"><h1 class=\"fusion-title-heading title-heading-left\" style=\"margin:0;\"><h2><b>Strategix Services<\/b><\/h2><\/h1><\/div><div class=\"fusion-image-element \" style=\"text-align:center;--awb-margin-bottom:30px;--awb-caption-title-font-family:var(--h2_typography-font-family);--awb-caption-title-font-weight:var(--h2_typography-font-weight);--awb-caption-title-font-style:var(--h2_typography-font-style);--awb-caption-title-size:var(--h2_typography-font-size);--awb-caption-title-transform:var(--h2_typography-text-transform);--awb-caption-title-line-height:var(--h2_typography-line-height);--awb-caption-title-letter-spacing:var(--h2_typography-letter-spacing);\"><span class=\" fusion-imageframe imageframe-none imageframe-2 hover-type-none\"><img decoding=\"async\" width=\"900\" height=\"662\" src=\"https:\/\/khiva.io\/wp-content\/uploads\/2025\/02\/Strategix-Solutions-Khiva-v2.webp\" data-orig-src=\"http:\/\/khiva.io\/wp-content\/uploads\/2025\/02\/Strategix-Solutions-Khiva-v2.webp\" alt class=\"lazyload img-responsive wp-image-724\" srcset=\"data:image\/svg+xml,%3Csvg%20xmlns%3D%27http%3A%2F%2Fwww.w3.org%2F2000%2Fsvg%27%20width%3D%27900%27%20height%3D%27662%27%20viewBox%3D%270%200%20900%20662%27%3E%3Crect%20width%3D%27900%27%20height%3D%27662%27%20fill-opacity%3D%220%22%2F%3E%3C%2Fsvg%3E\" data-srcset=\"https:\/\/khiva.io\/wp-content\/uploads\/2025\/02\/Strategix-Solutions-Khiva-v2-200x147.webp 200w, https:\/\/khiva.io\/wp-content\/uploads\/2025\/02\/Strategix-Solutions-Khiva-v2-300x221.webp 300w, https:\/\/khiva.io\/wp-content\/uploads\/2025\/02\/Strategix-Solutions-Khiva-v2-400x294.webp 400w, https:\/\/khiva.io\/wp-content\/uploads\/2025\/02\/Strategix-Solutions-Khiva-v2-500x368.webp 500w, https:\/\/khiva.io\/wp-content\/uploads\/2025\/02\/Strategix-Solutions-Khiva-v2-600x441.webp 600w, https:\/\/khiva.io\/wp-content\/uploads\/2025\/02\/Strategix-Solutions-Khiva-v2-700x515.webp 700w, https:\/\/khiva.io\/wp-content\/uploads\/2025\/02\/Strategix-Solutions-Khiva-v2-768x565.webp 768w, https:\/\/khiva.io\/wp-content\/uploads\/2025\/02\/Strategix-Solutions-Khiva-v2-800x588.webp 800w, https:\/\/khiva.io\/wp-content\/uploads\/2025\/02\/Strategix-Solutions-Khiva-v2.webp 900w\" data-sizes=\"auto\" data-orig-sizes=\"(max-width: 640px) 100vw, 900px\" \/><\/span><\/div><div class=\"fusion-text fusion-text-2\"><h3><b>Consultor\u00eda de Datos<\/b><\/h3>\n<ul>\n<li><b>Servicios<\/b>: Educational Services, Diagnostic Services, Data Science for Business, GEN AI &amp; Automation.<\/li>\n<li><b>Enfoque:<\/b> Fortalecemos la estrategia y arquitectura de datos mediante la modernizaci\u00f3n de datos, ciencia de datos y aprendizaje autom\u00e1tico. Integramos \u201cGEN AI\u201d y \u201cAdvanced Analytics\u201d para proporcionar insights avanzados y \u201cBusiness Analytics\u201d para apoyar la toma de decisiones estrat\u00e9gicas.<\/li>\n<\/ul>\n<h3><b>Servicios de Plataforma<\/b><\/h3>\n<ul>\n<li><b>Servicios<\/b>: Infra &amp; Cloud, Data Protection Services, Business Continuity, Risk IT Consulting.<\/li>\n<li><b>Enfoque:<\/b> Garantizamos operaciones continuas y seguras mediante la integraci\u00f3n de \u201cAdvanced Analytics\u201d y \u201cBig Data\u201d. Nuestros servicios de protecci\u00f3n de datos y continuidad del negocio est\u00e1n dise\u00f1ados para proteger la infraestructura y asegurar la recuperaci\u00f3n ante desastres.<\/li>\n<\/ul>\n<h3><b>F\u00e1brica de Software<\/b><\/h3>\n<ul>\n<li><b>Servicios:<\/b> Digital Strategy, Software Engineering, Agile Transformation, Legacy System Modernization.<\/li>\n<li><b>Enfoque:<\/b> Desarrollamos estrategias digitales s\u00f3lidas y avanzadas utilizando \u201cAdvanced Analytics\u201d y \u201cBig Data\u201d. Nuestro enfoque en la ingenier\u00eda de software y la transformaci\u00f3n \u00e1gil asegura que la modernizaci\u00f3n de sistemas heredados se realice de manera eficiente y est\u00e9 alineada con los objetivos estrat\u00e9gicos de la empresa, promoviendo la innovaci\u00f3n y la eficiencia operativa.<\/li>\n<\/ul>\n<h3><b>Engagement con el Cliente<\/b><\/h3>\n<ul>\n<li><b>Servicios: <\/b>Digital Marketing and Strategist, Personalization, Omnichannel Solutions, Marketing Operations (MOPS).<\/li>\n<li><b>Enfoque: <\/b>Combinamos \u201cAI-Powered Marketing Optimization\u201d, \u201cUX\/UI Design\u201d, \u201cMarket Research\u201d y \u201cBusiness Analytics\u201d para crear experiencias personalizadas y estrategias de marketing efectivas. Este enfoque asegura que las campa\u00f1as de marketing y productos est\u00e9n basados en datos s\u00f3lidos y an\u00e1lisis de mercado, mejorando la segmentaci\u00f3n, personalizaci\u00f3n y optimizaci\u00f3n en m\u00faltiples canales.<\/li>\n<\/ul>\n<\/div><div class=\"fusion-separator\" style=\"align-self: flex-start;margin-right:auto;margin-top:10px;margin-bottom:30px;width:100%;max-width:50%;\"><div class=\"fusion-separator-border sep-single sep-solid\" style=\"--awb-height:20px;--awb-amount:20px;--awb-sep-color:var(--awb-color2);border-color:var(--awb-color2);border-top-width:1px;\"><\/div><\/div><div class=\"fusion-text fusion-text-3\"><p><b>Strategix<\/b><b> Solutions<\/b> de <b>Khiva Intelligence<\/b> representa la integraci\u00f3n de nuestros <b>Strategix<\/b><b> Services<\/b> con un enfoque integral en <b>Consultor\u00eda en Datos, Servicios de Plataforma, F\u00e1brica de Software y Engagement con el Cliente<\/b>. Cada categor\u00eda de servicio est\u00e1 dise\u00f1ada para complementar a las dem\u00e1s, creando un ecosistema completo de soluciones que ayuda a las empresas a innovar, optimizar y mantenerse competitivas. Este enfoque multidimensional no solo transforma los datos en estrategias empresariales efectivas y rentables, sino que tambi\u00e9n crea un impacto significativo y duradero, asegurando que nuestros clientes logren un \u00e9xito sostenible y continuo. <b>Khiva Intelligence<\/b> ofrece un valor significativo a sus clientes a trav\u00e9s de servicios personalizados y avanzados.<\/p>\n<\/div><\/div><\/div><\/div><\/main><\/p>\n","protected":false},"excerpt":{"rendered":"","protected":false},"author":1,"featured_media":0,"parent":0,"menu_order":0,"comment_status":"closed","ping_status":"closed","template":"100-width.php","meta":{"content-type":"","footnotes":""},"class_list":["post-791","page","type-page","status-publish","hentry"],"yoast_head":"<!-- This site is optimized with the Yoast SEO plugin v25.8 - https:\/\/yoast.com\/wordpress\/plugins\/seo\/ -->\n<title>Strategix Solutions - Khiva Intelligence<\/title>\n<meta name=\"robots\" content=\"index, follow, max-snippet:-1, max-image-preview:large, max-video-preview:-1\" \/>\n<link rel=\"canonical\" href=\"https:\/\/khiva.io\/es\/strategix-solutions\/\" \/>\n<meta property=\"og:locale\" content=\"es_ES\" \/>\n<meta property=\"og:type\" content=\"article\" \/>\n<meta property=\"og:title\" content=\"Strategix Solutions - Khiva Intelligence\" \/>\n<meta property=\"og:url\" content=\"https:\/\/khiva.io\/es\/strategix-solutions\/\" \/>\n<meta property=\"og:site_name\" content=\"Khiva Intelligence\" \/>\n<meta property=\"article:modified_time\" content=\"2025-02-28T23:58:32+00:00\" \/>\n<meta name=\"twitter:card\" content=\"summary_large_image\" \/>\n<meta name=\"twitter:label1\" content=\"Tiempo de lectura\" \/>\n\t<meta name=\"twitter:data1\" content=\"28 minutos\" \/>\n<script type=\"application\/ld+json\" class=\"yoast-schema-graph\">{\"@context\":\"https:\/\/schema.org\",\"@graph\":[{\"@type\":\"WebPage\",\"@id\":\"https:\/\/khiva.io\/es\/strategix-solutions\/\",\"url\":\"https:\/\/khiva.io\/es\/strategix-solutions\/\",\"name\":\"Strategix Solutions - Khiva Intelligence\",\"isPartOf\":{\"@id\":\"https:\/\/100.24.167.4\/#website\"},\"datePublished\":\"2024-11-21T23:54:08+00:00\",\"dateModified\":\"2025-02-28T23:58:32+00:00\",\"breadcrumb\":{\"@id\":\"https:\/\/khiva.io\/es\/strategix-solutions\/#breadcrumb\"},\"inLanguage\":\"es\",\"potentialAction\":[{\"@type\":\"ReadAction\",\"target\":[\"https:\/\/khiva.io\/es\/strategix-solutions\/\"]}]},{\"@type\":\"BreadcrumbList\",\"@id\":\"https:\/\/khiva.io\/es\/strategix-solutions\/#breadcrumb\",\"itemListElement\":[{\"@type\":\"ListItem\",\"position\":1,\"name\":\"Home\",\"item\":\"https:\/\/khiva.io\/es\/\"},{\"@type\":\"ListItem\",\"position\":2,\"name\":\"Strategix Solutions\"}]},{\"@type\":\"WebSite\",\"@id\":\"https:\/\/100.24.167.4\/#website\",\"url\":\"https:\/\/100.24.167.4\/\",\"name\":\"Khiva Intelligence\",\"description\":\"Strategix Services\",\"potentialAction\":[{\"@type\":\"SearchAction\",\"target\":{\"@type\":\"EntryPoint\",\"urlTemplate\":\"https:\/\/100.24.167.4\/?s={search_term_string}\"},\"query-input\":{\"@type\":\"PropertyValueSpecification\",\"valueRequired\":true,\"valueName\":\"search_term_string\"}}],\"inLanguage\":\"es\"}]}<\/script>\n<!-- \/ Yoast SEO plugin. -->","yoast_head_json":{"title":"Strategix Solutions - Khiva Intelligence","robots":{"index":"index","follow":"follow","max-snippet":"max-snippet:-1","max-image-preview":"max-image-preview:large","max-video-preview":"max-video-preview:-1"},"canonical":"https:\/\/khiva.io\/es\/strategix-solutions\/","og_locale":"es_ES","og_type":"article","og_title":"Strategix Solutions - Khiva Intelligence","og_url":"https:\/\/khiva.io\/es\/strategix-solutions\/","og_site_name":"Khiva Intelligence","article_modified_time":"2025-02-28T23:58:32+00:00","twitter_card":"summary_large_image","twitter_misc":{"Tiempo de lectura":"28 minutos"},"schema":{"@context":"https:\/\/schema.org","@graph":[{"@type":"WebPage","@id":"https:\/\/khiva.io\/es\/strategix-solutions\/","url":"https:\/\/khiva.io\/es\/strategix-solutions\/","name":"Strategix Solutions - Khiva Intelligence","isPartOf":{"@id":"https:\/\/100.24.167.4\/#website"},"datePublished":"2024-11-21T23:54:08+00:00","dateModified":"2025-02-28T23:58:32+00:00","breadcrumb":{"@id":"https:\/\/khiva.io\/es\/strategix-solutions\/#breadcrumb"},"inLanguage":"es","potentialAction":[{"@type":"ReadAction","target":["https:\/\/khiva.io\/es\/strategix-solutions\/"]}]},{"@type":"BreadcrumbList","@id":"https:\/\/khiva.io\/es\/strategix-solutions\/#breadcrumb","itemListElement":[{"@type":"ListItem","position":1,"name":"Home","item":"https:\/\/khiva.io\/es\/"},{"@type":"ListItem","position":2,"name":"Strategix Solutions"}]},{"@type":"WebSite","@id":"https:\/\/100.24.167.4\/#website","url":"https:\/\/100.24.167.4\/","name":"Khiva Intelligence","description":"Strategix Services","potentialAction":[{"@type":"SearchAction","target":{"@type":"EntryPoint","urlTemplate":"https:\/\/100.24.167.4\/?s={search_term_string}"},"query-input":{"@type":"PropertyValueSpecification","valueRequired":true,"valueName":"search_term_string"}}],"inLanguage":"es"}]}},"_links":{"self":[{"href":"https:\/\/khiva.io\/es\/wp-json\/wp\/v2\/pages\/791","targetHints":{"allow":["GET"]}}],"collection":[{"href":"https:\/\/khiva.io\/es\/wp-json\/wp\/v2\/pages"}],"about":[{"href":"https:\/\/khiva.io\/es\/wp-json\/wp\/v2\/types\/page"}],"author":[{"embeddable":true,"href":"https:\/\/khiva.io\/es\/wp-json\/wp\/v2\/users\/1"}],"replies":[{"embeddable":true,"href":"https:\/\/khiva.io\/es\/wp-json\/wp\/v2\/comments?post=791"}],"version-history":[{"count":38,"href":"https:\/\/khiva.io\/es\/wp-json\/wp\/v2\/pages\/791\/revisions"}],"predecessor-version":[{"id":1003,"href":"https:\/\/khiva.io\/es\/wp-json\/wp\/v2\/pages\/791\/revisions\/1003"}],"wp:attachment":[{"href":"https:\/\/khiva.io\/es\/wp-json\/wp\/v2\/media?parent=791"}],"curies":[{"name":"wp","href":"https:\/\/api.w.org\/{rel}","templated":true}]}}