{"id":783,"date":"2024-11-21T23:47:48","date_gmt":"2024-11-21T23:47:48","guid":{"rendered":"https:\/\/khiva.io\/enfoque-orientado-a-resultados\/"},"modified":"2025-02-28T23:25:45","modified_gmt":"2025-02-28T23:25:45","slug":"enfoque-orientado-a-resultados","status":"publish","type":"page","link":"https:\/\/khiva.io\/es\/enfoque-orientado-a-resultados\/","title":{"rendered":"Enfoque Orientado a Resultados"},"content":{"rendered":"<p><section class=\"fusion-fullwidth fullwidth-box fusion-builder-row-1 fusion-flex-container has-pattern-background has-mask-background fusion-parallax-none nonhundred-percent-fullwidth non-hundred-percent-height-scrolling lazyload\" style=\"--awb-background-position:center top;--awb-border-radius-top-left:0px;--awb-border-radius-top-right:0px;--awb-border-radius-bottom-right:0px;--awb-border-radius-bottom-left:0px;--awb-margin-top:0px;--awb-margin-bottom:0px;--awb-background-size:cover;--awb-flex-wrap:wrap;\" data-bg=\"http:\/\/khiva.io\/wp-content\/uploads\/2024\/11\/Result-Driven-Approach-Khiva-Strategix-Services.webp\" ><div class=\"fusion-builder-row fusion-row fusion-flex-align-items-flex-start fusion-flex-content-wrap\" style=\"max-width:1248px;margin-left: calc(-4% \/ 2 );margin-right: calc(-4% \/ 2 );\"><div class=\"fusion-layout-column fusion_builder_column fusion-builder-column-0 fusion_builder_column_1_1 1_1 fusion-flex-column\" style=\"--awb-padding-top:400px;--awb-padding-bottom:60px;--awb-padding-top-small:380px;--awb-padding-bottom-small:20px;--awb-bg-size:cover;--awb-width-large:100%;--awb-margin-top-large:0px;--awb-spacing-right-large:1.92%;--awb-margin-bottom-large:20px;--awb-spacing-left-large:1.92%;--awb-width-medium:100%;--awb-order-medium:0;--awb-spacing-right-medium:1.92%;--awb-spacing-left-medium:1.92%;--awb-width-small:100%;--awb-order-small:0;--awb-spacing-right-small:1.92%;--awb-spacing-left-small:1.92%;\" data-scroll-devices=\"small-visibility,medium-visibility,large-visibility\"><div class=\"fusion-column-wrapper fusion-column-has-shadow fusion-flex-justify-content-flex-start fusion-content-layout-column\"><div class=\"fusion-title title fusion-title-1 fusion-sep-none fusion-title-text fusion-title-size-one banner-title\" style=\"--awb-text-color:var(--awb-color2);--awb-font-size:2.5em;\"><h1 class=\"fusion-title-heading title-heading-left\" style=\"font-family:var(--awb-typography1-font-family);font-weight:var(--awb-typography1-font-weight);font-style:var(--awb-typography1-font-style);margin:0;font-size:1em;letter-spacing:var(--awb-typography1-letter-spacing);text-transform:var(--awb-typography1-text-transform);line-height:var(--awb-typography1-line-height);text-shadow:6px 6px 10px rgba(24,35,74,0.8);\">ENFOQUE ORIENTADO<br \/>\n<span class=\"banner-subtitle\">A RESULTADOS<\/span><\/h1><\/div><\/div><\/div><\/div><\/section><div id=\"more\" class=\"fusion-container-anchor\"><main class=\"fusion-fullwidth fullwidth-box fusion-builder-row-2 fusion-flex-container has-pattern-background has-mask-background nonhundred-percent-fullwidth non-hundred-percent-height-scrolling\" style=\"--awb-border-radius-top-left:0px;--awb-border-radius-top-right:0px;--awb-border-radius-bottom-right:0px;--awb-border-radius-bottom-left:0px;--awb-padding-top:60px;--awb-padding-bottom:30px;--awb-margin-bottom:30px;--awb-background-color:var(--awb-color8);--awb-flex-wrap:wrap;\" ><div class=\"fusion-builder-row fusion-row fusion-flex-align-items-flex-start fusion-flex-justify-content-center fusion-flex-content-wrap\" style=\"max-width:1248px;margin-left: calc(-4% \/ 2 );margin-right: calc(-4% \/ 2 );\"><div class=\"fusion-layout-column fusion_builder_column fusion-builder-column-1 fusion_builder_column_1_1 1_1 fusion-flex-column\" style=\"--awb-bg-size:cover;--awb-width-large:100%;--awb-margin-top-large:0px;--awb-spacing-right-large:1.92%;--awb-margin-bottom-large:20px;--awb-spacing-left-large:1.92%;--awb-width-medium:100%;--awb-order-medium:0;--awb-spacing-right-medium:1.92%;--awb-spacing-left-medium:1.92%;--awb-width-small:100%;--awb-order-small:0;--awb-spacing-right-small:1.92%;--awb-spacing-left-small:1.92%;\" data-scroll-devices=\"small-visibility,medium-visibility,large-visibility\"><div class=\"fusion-column-wrapper fusion-column-has-shadow fusion-flex-justify-content-flex-start fusion-content-layout-row fusion-flex-align-items-center\"><div class=\"fusion-image-element \" style=\"text-align:left;--awb-margin-right:20px;--awb-caption-title-font-family:var(--h2_typography-font-family);--awb-caption-title-font-weight:var(--h2_typography-font-weight);--awb-caption-title-font-style:var(--h2_typography-font-style);--awb-caption-title-size:var(--h2_typography-font-size);--awb-caption-title-transform:var(--h2_typography-text-transform);--awb-caption-title-line-height:var(--h2_typography-line-height);--awb-caption-title-letter-spacing:var(--h2_typography-letter-spacing);\"><span class=\" fusion-imageframe imageframe-none imageframe-1 hover-type-none\"><img decoding=\"async\" width=\"70\" height=\"70\" src=\"https:\/\/khiva.io\/wp-content\/uploads\/2024\/11\/Result-Driven-Approach-icon.webp\" data-orig-src=\"http:\/\/khiva.io\/wp-content\/uploads\/2024\/11\/Result-Driven-Approach-icon.webp\" alt class=\"lazyload img-responsive wp-image-702\" srcset=\"data:image\/svg+xml,%3Csvg%20xmlns%3D%27http%3A%2F%2Fwww.w3.org%2F2000%2Fsvg%27%20width%3D%2770%27%20height%3D%2770%27%20viewBox%3D%270%200%2070%2070%27%3E%3Crect%20width%3D%2770%27%20height%3D%2770%27%20fill-opacity%3D%220%22%2F%3E%3C%2Fsvg%3E\" data-srcset=\"https:\/\/khiva.io\/wp-content\/uploads\/2024\/11\/Result-Driven-Approach-icon-66x66.webp 66w, https:\/\/khiva.io\/wp-content\/uploads\/2024\/11\/Result-Driven-Approach-icon.webp 70w\" data-sizes=\"auto\" data-orig-sizes=\"(max-width: 640px) 100vw, 70px\" \/><\/span><\/div><div class=\"fusion-title title fusion-title-2 fusion-sep-none fusion-title-text fusion-title-size-two\"><h2 class=\"fusion-title-heading title-heading-left\" style=\"margin:0;\">Enfoque Orientado a Resultados<\/h2><\/div><\/div><\/div><div class=\"fusion-layout-column fusion_builder_column fusion-builder-column-2 fusion_builder_column_1_1 1_1 fusion-flex-column\" style=\"--awb-bg-size:cover;--awb-width-large:100%;--awb-margin-top-large:0px;--awb-spacing-right-large:1.92%;--awb-margin-bottom-large:20px;--awb-spacing-left-large:1.92%;--awb-width-medium:100%;--awb-order-medium:0;--awb-spacing-right-medium:1.92%;--awb-spacing-left-medium:1.92%;--awb-width-small:100%;--awb-order-small:0;--awb-spacing-right-small:1.92%;--awb-spacing-left-small:1.92%;\" data-scroll-devices=\"small-visibility,medium-visibility,large-visibility\"><div class=\"fusion-column-wrapper fusion-column-has-shadow fusion-flex-justify-content-flex-start fusion-content-layout-column\"><div class=\"fusion-text fusion-text-1 intro\" style=\"--awb-content-alignment:left;\"><p>En <b>Khiva Intelligence<\/b>, nuestro <b>\u201cEnfoque Orientado a Resultados\u201d<\/b> es una promesa fundamental para cada cliente y proyecto. Nos esforzamos por alcanzar la excelencia en nuestras soluciones y estrategias tecnol\u00f3gicas, con un enfoque decidido en generar resultados medibles y significativos.<\/p>\n<\/div><\/div><\/div><\/div><\/main><\/div><main class=\"fusion-fullwidth fullwidth-box fusion-builder-row-3 fusion-flex-container has-pattern-background has-mask-background nonhundred-percent-fullwidth non-hundred-percent-height-scrolling\" style=\"--awb-border-radius-top-left:0px;--awb-border-radius-top-right:0px;--awb-border-radius-bottom-right:0px;--awb-border-radius-bottom-left:0px;--awb-flex-wrap:wrap;\" ><div class=\"fusion-builder-row fusion-row fusion-flex-align-items-flex-start fusion-flex-content-wrap\" style=\"max-width:1248px;margin-left: calc(-4% \/ 2 );margin-right: calc(-4% \/ 2 );\"><div class=\"fusion-layout-column fusion_builder_column fusion-builder-column-3 fusion_builder_column_1_1 1_1 fusion-flex-column\" style=\"--awb-bg-size:cover;--awb-width-large:100%;--awb-margin-top-large:0px;--awb-spacing-right-large:1.92%;--awb-margin-bottom-large:20px;--awb-spacing-left-large:1.92%;--awb-width-medium:100%;--awb-order-medium:0;--awb-spacing-right-medium:1.92%;--awb-spacing-left-medium:1.92%;--awb-width-small:100%;--awb-order-small:0;--awb-spacing-right-small:1.92%;--awb-spacing-left-small:1.92%;\"><div class=\"fusion-column-wrapper fusion-column-has-shadow fusion-flex-justify-content-flex-start fusion-content-layout-column\"><div class=\"fusion-text fusion-text-2\"><h3><b>Enfoque en Resultados Tangibles<\/b><\/h3>\n<ul>\n<li><b>Soluciones con Impacto Medible<\/b>: Dise\u00f1amos cada soluci\u00f3n con un claro objetivo de crear un impacto tangible. Desde aumentar la eficiencia hasta mejorar el retorno de la inversi\u00f3n, nos aseguramos de que cada proyecto contribuya significativamente al \u00e9xito de nuestros clientes.<\/li>\n<li><b>Metodolog\u00edas Basadas en Datos y \u00c1giles<\/b>: Empleamos metodolog\u00edas basadas en datos junto con enfoques \u00e1giles para definir, rastrear y medir el \u00e9xito. Este enfoque combinado nos permite no solo alcanzar nuestros objetivos de manera eficiente, sino tambi\u00e9n adaptarnos r\u00e1pidamente a cambios y demostrar concretamente el valor y el impacto de nuestras soluciones.<\/li>\n<\/ul>\n<h3><b>Creaci\u00f3n de Valor a Largo Plazo<\/b><\/h3>\n<ul>\n<li><b>M\u00e1s All\u00e1 de la Entrega Inmediata<\/b>: Nuestra visi\u00f3n va m\u00e1s all\u00e1 de los resultados inmediatos. Buscamos oportunidades para crear valor sostenible, asegurando que nuestras soluciones proporcionen beneficios duraderos y fomenten un crecimiento continuo.<\/li>\n<li><b>Alianza Estrat\u00e9gica para el \u00c9xito Continuo<\/b>: Como socios estrat\u00e9gicos de nuestros clientes, nos comprometemos a una relaci\u00f3n a largo plazo donde el \u00e9xito y el crecimiento continuo sean objetivos compartidos.<\/li>\n<\/ul>\n<h3><b>Nuestro Compromiso con su \u00c9xito<\/b><\/h3>\n<ul>\n<li><b>Resultados que Hablan por S\u00ed Mismos<\/b>: En Khiva Intelligence, los resultados exitosos de nuestros clientes son nuestro mayor testimonio. Nuestro compromiso con los resultados no es solo una promesa; es una realidad reflejada en el \u00e9xito y la satisfacci\u00f3n de nuestros clientes.<\/li>\n<li><b>Adaptabilidad y Agilidad<\/b>: En un mundo empresarial en r\u00e1pida evoluci\u00f3n, nuestra capacidad para adaptarnos y responder con soluciones \u00e1giles y orientadas a resultados es clave para mantener a nuestros clientes siempre un paso adelante.<\/li>\n<\/ul>\n<\/div><div class=\"fusion-separator\" style=\"align-self: flex-start;margin-right:auto;margin-top:10px;margin-bottom:30px;width:100%;max-width:50%;\"><div class=\"fusion-separator-border sep-single sep-solid\" style=\"--awb-height:20px;--awb-amount:20px;--awb-sep-color:var(--awb-color2);border-color:var(--awb-color2);border-top-width:1px;\"><\/div><\/div><div class=\"fusion-text fusion-text-3\"><p>El <em><b>Enfoque Orientado a Resultados<\/b><\/em> es m\u00e1s que una filosof\u00eda de trabajo; es una garant\u00eda de que cada proyecto que emprendemos est\u00e1 dise\u00f1ado para lograr el \u00e9xito tangible y significativo que nuestros clientes merecen y esperan.<\/p>\n<\/div><\/div><\/div><\/div><\/main><\/p>\n","protected":false},"excerpt":{"rendered":"","protected":false},"author":1,"featured_media":0,"parent":0,"menu_order":0,"comment_status":"closed","ping_status":"closed","template":"100-width.php","meta":{"content-type":"","footnotes":""},"class_list":["post-783","page","type-page","status-publish","hentry"],"yoast_head":"<!-- This site is optimized with the Yoast SEO plugin v25.8 - https:\/\/yoast.com\/wordpress\/plugins\/seo\/ -->\n<title>Enfoque Orientado a Resultados - Khiva Intelligence<\/title>\n<meta name=\"robots\" content=\"index, follow, max-snippet:-1, max-image-preview:large, max-video-preview:-1\" \/>\n<link rel=\"canonical\" href=\"https:\/\/khiva.io\/es\/enfoque-orientado-a-resultados\/\" \/>\n<meta property=\"og:locale\" content=\"es_ES\" \/>\n<meta property=\"og:type\" content=\"article\" \/>\n<meta property=\"og:title\" content=\"Enfoque Orientado a Resultados - Khiva Intelligence\" \/>\n<meta property=\"og:url\" content=\"https:\/\/khiva.io\/es\/enfoque-orientado-a-resultados\/\" \/>\n<meta property=\"og:site_name\" content=\"Khiva Intelligence\" \/>\n<meta property=\"article:modified_time\" content=\"2025-02-28T23:25:45+00:00\" \/>\n<meta name=\"twitter:card\" content=\"summary_large_image\" \/>\n<meta name=\"twitter:label1\" content=\"Tiempo de lectura\" \/>\n\t<meta name=\"twitter:data1\" content=\"25 minutos\" \/>\n<script type=\"application\/ld+json\" class=\"yoast-schema-graph\">{\"@context\":\"https:\/\/schema.org\",\"@graph\":[{\"@type\":\"WebPage\",\"@id\":\"https:\/\/khiva.io\/es\/enfoque-orientado-a-resultados\/\",\"url\":\"https:\/\/khiva.io\/es\/enfoque-orientado-a-resultados\/\",\"name\":\"Enfoque Orientado a Resultados - Khiva Intelligence\",\"isPartOf\":{\"@id\":\"https:\/\/100.24.167.4\/#website\"},\"datePublished\":\"2024-11-21T23:47:48+00:00\",\"dateModified\":\"2025-02-28T23:25:45+00:00\",\"breadcrumb\":{\"@id\":\"https:\/\/khiva.io\/es\/enfoque-orientado-a-resultados\/#breadcrumb\"},\"inLanguage\":\"es\",\"potentialAction\":[{\"@type\":\"ReadAction\",\"target\":[\"https:\/\/khiva.io\/es\/enfoque-orientado-a-resultados\/\"]}]},{\"@type\":\"BreadcrumbList\",\"@id\":\"https:\/\/khiva.io\/es\/enfoque-orientado-a-resultados\/#breadcrumb\",\"itemListElement\":[{\"@type\":\"ListItem\",\"position\":1,\"name\":\"Home\",\"item\":\"https:\/\/khiva.io\/es\/\"},{\"@type\":\"ListItem\",\"position\":2,\"name\":\"Enfoque Orientado a Resultados\"}]},{\"@type\":\"WebSite\",\"@id\":\"https:\/\/100.24.167.4\/#website\",\"url\":\"https:\/\/100.24.167.4\/\",\"name\":\"Khiva Intelligence\",\"description\":\"Strategix Services\",\"potentialAction\":[{\"@type\":\"SearchAction\",\"target\":{\"@type\":\"EntryPoint\",\"urlTemplate\":\"https:\/\/100.24.167.4\/?s={search_term_string}\"},\"query-input\":{\"@type\":\"PropertyValueSpecification\",\"valueRequired\":true,\"valueName\":\"search_term_string\"}}],\"inLanguage\":\"es\"}]}<\/script>\n<!-- \/ Yoast SEO plugin. -->","yoast_head_json":{"title":"Enfoque Orientado a Resultados - Khiva Intelligence","robots":{"index":"index","follow":"follow","max-snippet":"max-snippet:-1","max-image-preview":"max-image-preview:large","max-video-preview":"max-video-preview:-1"},"canonical":"https:\/\/khiva.io\/es\/enfoque-orientado-a-resultados\/","og_locale":"es_ES","og_type":"article","og_title":"Enfoque Orientado a Resultados - Khiva Intelligence","og_url":"https:\/\/khiva.io\/es\/enfoque-orientado-a-resultados\/","og_site_name":"Khiva Intelligence","article_modified_time":"2025-02-28T23:25:45+00:00","twitter_card":"summary_large_image","twitter_misc":{"Tiempo de lectura":"25 minutos"},"schema":{"@context":"https:\/\/schema.org","@graph":[{"@type":"WebPage","@id":"https:\/\/khiva.io\/es\/enfoque-orientado-a-resultados\/","url":"https:\/\/khiva.io\/es\/enfoque-orientado-a-resultados\/","name":"Enfoque Orientado a Resultados - Khiva Intelligence","isPartOf":{"@id":"https:\/\/100.24.167.4\/#website"},"datePublished":"2024-11-21T23:47:48+00:00","dateModified":"2025-02-28T23:25:45+00:00","breadcrumb":{"@id":"https:\/\/khiva.io\/es\/enfoque-orientado-a-resultados\/#breadcrumb"},"inLanguage":"es","potentialAction":[{"@type":"ReadAction","target":["https:\/\/khiva.io\/es\/enfoque-orientado-a-resultados\/"]}]},{"@type":"BreadcrumbList","@id":"https:\/\/khiva.io\/es\/enfoque-orientado-a-resultados\/#breadcrumb","itemListElement":[{"@type":"ListItem","position":1,"name":"Home","item":"https:\/\/khiva.io\/es\/"},{"@type":"ListItem","position":2,"name":"Enfoque Orientado a Resultados"}]},{"@type":"WebSite","@id":"https:\/\/100.24.167.4\/#website","url":"https:\/\/100.24.167.4\/","name":"Khiva Intelligence","description":"Strategix Services","potentialAction":[{"@type":"SearchAction","target":{"@type":"EntryPoint","urlTemplate":"https:\/\/100.24.167.4\/?s={search_term_string}"},"query-input":{"@type":"PropertyValueSpecification","valueRequired":true,"valueName":"search_term_string"}}],"inLanguage":"es"}]}},"_links":{"self":[{"href":"https:\/\/khiva.io\/es\/wp-json\/wp\/v2\/pages\/783","targetHints":{"allow":["GET"]}}],"collection":[{"href":"https:\/\/khiva.io\/es\/wp-json\/wp\/v2\/pages"}],"about":[{"href":"https:\/\/khiva.io\/es\/wp-json\/wp\/v2\/types\/page"}],"author":[{"embeddable":true,"href":"https:\/\/khiva.io\/es\/wp-json\/wp\/v2\/users\/1"}],"replies":[{"embeddable":true,"href":"https:\/\/khiva.io\/es\/wp-json\/wp\/v2\/comments?post=783"}],"version-history":[{"count":14,"href":"https:\/\/khiva.io\/es\/wp-json\/wp\/v2\/pages\/783\/revisions"}],"predecessor-version":[{"id":967,"href":"https:\/\/khiva.io\/es\/wp-json\/wp\/v2\/pages\/783\/revisions\/967"}],"wp:attachment":[{"href":"https:\/\/khiva.io\/es\/wp-json\/wp\/v2\/media?parent=783"}],"curies":[{"name":"wp","href":"https:\/\/api.w.org\/{rel}","templated":true}]}}