{"id":779,"date":"2024-11-21T23:43:00","date_gmt":"2024-11-21T23:43:00","guid":{"rendered":"https:\/\/khiva.io\/por-que-khiva\/"},"modified":"2025-02-19T17:50:24","modified_gmt":"2025-02-19T17:50:24","slug":"por-que-khiva","status":"publish","type":"page","link":"https:\/\/khiva.io\/es\/por-que-khiva\/","title":{"rendered":"\u00bfPor qu\u00e9 Khiva?"},"content":{"rendered":"<p><section class=\"fusion-fullwidth fullwidth-box fusion-builder-row-1 fusion-flex-container has-pattern-background has-mask-background fusion-parallax-none nonhundred-percent-fullwidth non-hundred-percent-height-scrolling lazyload\" style=\"--awb-background-position:center top;--awb-border-radius-top-left:0px;--awb-border-radius-top-right:0px;--awb-border-radius-bottom-right:0px;--awb-border-radius-bottom-left:0px;--awb-margin-top:0px;--awb-margin-bottom:0px;--awb-background-size:cover;--awb-flex-wrap:wrap;\" data-bg=\"http:\/\/khiva.io\/wp-content\/uploads\/2024\/11\/Why-Khiva-Strategix-Services.webp\" data-fusion-responsive-bg=\"1\" data-bg-small=\"http:\/\/khiva.io\/wp-content\/uploads\/2025\/02\/Why-Khiva-Strategix-Services-mobile.webp\" ><div class=\"fusion-builder-row fusion-row fusion-flex-align-items-flex-start fusion-flex-content-wrap\" style=\"max-width:1248px;margin-left: calc(-4% \/ 2 );margin-right: calc(-4% \/ 2 );\"><div class=\"fusion-layout-column fusion_builder_column fusion-builder-column-0 fusion_builder_column_1_1 1_1 fusion-flex-column\" style=\"--awb-padding-top:472px;--awb-padding-bottom:60px;--awb-padding-top-small:420px;--awb-padding-bottom-small:20px;--awb-bg-size:cover;--awb-width-large:100%;--awb-margin-top-large:0px;--awb-spacing-right-large:1.92%;--awb-margin-bottom-large:20px;--awb-spacing-left-large:1.92%;--awb-width-medium:100%;--awb-order-medium:0;--awb-spacing-right-medium:1.92%;--awb-spacing-left-medium:1.92%;--awb-width-small:100%;--awb-order-small:0;--awb-spacing-right-small:1.92%;--awb-spacing-left-small:1.92%;\" data-scroll-devices=\"small-visibility,medium-visibility,large-visibility\"><div class=\"fusion-column-wrapper fusion-column-has-shadow fusion-flex-justify-content-flex-start fusion-content-layout-column\"><div class=\"fusion-title title fusion-title-1 fusion-sep-none fusion-title-text fusion-title-size-one banner-title\" style=\"--awb-text-color:var(--awb-color2);--awb-font-size:2.5em;\"><h1 class=\"fusion-title-heading title-heading-left\" style=\"font-family:var(--awb-typography1-font-family);font-weight:var(--awb-typography1-font-weight);font-style:var(--awb-typography1-font-style);margin:0;font-size:1em;letter-spacing:var(--awb-typography1-letter-spacing);text-transform:var(--awb-typography1-text-transform);line-height:var(--awb-typography1-line-height);text-shadow:6px 6px 10px rgba(24,35,74,0.8);\">\u00bfPOR QU\u00c9 KHIVA?<\/h1><\/div><\/div><\/div><\/div><\/section><div id=\"more\" class=\"fusion-container-anchor\"><main class=\"fusion-fullwidth fullwidth-box fusion-builder-row-2 fusion-flex-container has-pattern-background has-mask-background nonhundred-percent-fullwidth non-hundred-percent-height-scrolling\" style=\"--awb-border-radius-top-left:0px;--awb-border-radius-top-right:0px;--awb-border-radius-bottom-right:0px;--awb-border-radius-bottom-left:0px;--awb-padding-top:60px;--awb-padding-bottom:30px;--awb-margin-bottom:30px;--awb-background-color:var(--awb-color8);--awb-flex-wrap:wrap;\" ><div class=\"fusion-builder-row fusion-row fusion-flex-align-items-flex-start fusion-flex-justify-content-center fusion-flex-content-wrap\" style=\"max-width:1248px;margin-left: calc(-4% \/ 2 );margin-right: calc(-4% \/ 2 );\"><div class=\"fusion-layout-column fusion_builder_column fusion-builder-column-1 fusion_builder_column_1_1 1_1 fusion-flex-column\" style=\"--awb-bg-size:cover;--awb-width-large:100%;--awb-margin-top-large:0px;--awb-spacing-right-large:1.92%;--awb-margin-bottom-large:20px;--awb-spacing-left-large:1.92%;--awb-width-medium:100%;--awb-order-medium:0;--awb-spacing-right-medium:1.92%;--awb-spacing-left-medium:1.92%;--awb-width-small:100%;--awb-order-small:0;--awb-spacing-right-small:1.92%;--awb-spacing-left-small:1.92%;\" data-scroll-devices=\"small-visibility,medium-visibility,large-visibility\"><div class=\"fusion-column-wrapper fusion-column-has-shadow fusion-flex-justify-content-flex-start fusion-content-layout-row fusion-flex-align-items-center\"><div class=\"fusion-image-element \" style=\"text-align:left;--awb-margin-right:20px;--awb-caption-title-font-family:var(--h2_typography-font-family);--awb-caption-title-font-weight:var(--h2_typography-font-weight);--awb-caption-title-font-style:var(--h2_typography-font-style);--awb-caption-title-size:var(--h2_typography-font-size);--awb-caption-title-transform:var(--h2_typography-text-transform);--awb-caption-title-line-height:var(--h2_typography-line-height);--awb-caption-title-letter-spacing:var(--h2_typography-letter-spacing);\"><span class=\" fusion-imageframe imageframe-none imageframe-1 hover-type-none\"><img decoding=\"async\" width=\"70\" height=\"70\" src=\"https:\/\/khiva.io\/wp-content\/uploads\/2024\/11\/Why-Khiva-icon.webp\" data-orig-src=\"http:\/\/khiva.io\/wp-content\/uploads\/2024\/11\/Why-Khiva-icon.webp\" alt class=\"lazyload img-responsive wp-image-700\" srcset=\"data:image\/svg+xml,%3Csvg%20xmlns%3D%27http%3A%2F%2Fwww.w3.org%2F2000%2Fsvg%27%20width%3D%2770%27%20height%3D%2770%27%20viewBox%3D%270%200%2070%2070%27%3E%3Crect%20width%3D%2770%27%20height%3D%2770%27%20fill-opacity%3D%220%22%2F%3E%3C%2Fsvg%3E\" data-srcset=\"https:\/\/khiva.io\/wp-content\/uploads\/2024\/11\/Why-Khiva-icon-66x66.webp 66w, https:\/\/khiva.io\/wp-content\/uploads\/2024\/11\/Why-Khiva-icon.webp 70w\" data-sizes=\"auto\" data-orig-sizes=\"(max-width: 640px) 100vw, 70px\" \/><\/span><\/div><div class=\"fusion-title title fusion-title-2 fusion-sep-none fusion-title-text fusion-title-size-two\"><h2 class=\"fusion-title-heading title-heading-left\" style=\"margin:0;\">\u00bfPor qu\u00e9 Khiva?<\/h2><\/div><\/div><\/div><div class=\"fusion-layout-column fusion_builder_column fusion-builder-column-2 fusion_builder_column_1_1 1_1 fusion-flex-column\" style=\"--awb-bg-size:cover;--awb-width-large:100%;--awb-margin-top-large:0px;--awb-spacing-right-large:1.92%;--awb-margin-bottom-large:20px;--awb-spacing-left-large:1.92%;--awb-width-medium:100%;--awb-order-medium:0;--awb-spacing-right-medium:1.92%;--awb-spacing-left-medium:1.92%;--awb-width-small:100%;--awb-order-small:0;--awb-spacing-right-small:1.92%;--awb-spacing-left-small:1.92%;\" data-scroll-devices=\"small-visibility,medium-visibility,large-visibility\"><div class=\"fusion-column-wrapper fusion-column-has-shadow fusion-flex-justify-content-flex-start fusion-content-layout-column\"><div class=\"fusion-text fusion-text-1 intro\" style=\"--awb-content-alignment:left;\"><p>Elegir el socio adecuado en la era digital es crucial para el \u00e9xito empresarial. En <b>Khiva Intelligence<\/b>, nos distinguimos por una serie de caracter\u00edsticas \u00fanicas que nos convierten en la elecci\u00f3n ideal para las empresas que buscan transformarse y prosperar en el mundo digital.<\/p>\n<\/div><\/div><\/div><\/div><\/main><\/div><main class=\"fusion-fullwidth fullwidth-box fusion-builder-row-3 fusion-flex-container has-pattern-background has-mask-background nonhundred-percent-fullwidth non-hundred-percent-height-scrolling\" style=\"--awb-border-radius-top-left:0px;--awb-border-radius-top-right:0px;--awb-border-radius-bottom-right:0px;--awb-border-radius-bottom-left:0px;--awb-flex-wrap:wrap;\" ><div class=\"fusion-builder-row fusion-row fusion-flex-align-items-flex-start fusion-flex-content-wrap\" style=\"max-width:1248px;margin-left: calc(-4% \/ 2 );margin-right: calc(-4% \/ 2 );\"><div class=\"fusion-layout-column fusion_builder_column fusion-builder-column-3 fusion_builder_column_1_1 1_1 fusion-flex-column\" style=\"--awb-bg-size:cover;--awb-width-large:100%;--awb-margin-top-large:0px;--awb-spacing-right-large:1.92%;--awb-margin-bottom-large:20px;--awb-spacing-left-large:1.92%;--awb-width-medium:100%;--awb-order-medium:0;--awb-spacing-right-medium:1.92%;--awb-spacing-left-medium:1.92%;--awb-width-small:100%;--awb-order-small:0;--awb-spacing-right-small:1.92%;--awb-spacing-left-small:1.92%;\"><div class=\"fusion-column-wrapper fusion-column-has-shadow fusion-flex-justify-content-flex-start fusion-content-layout-column\"><div class=\"fusion-text fusion-text-2\"><h3><b>Innovaci\u00f3n y Expertise<\/b><\/h3>\n<ul>\n<li><b>Pioneros Digitales:<\/b> Nuestra herencia como empresa digitalmente nativa nos da una perspectiva \u00fanica sobre la tecnolog\u00eda y las tendencias emergentes. Estamos siempre un paso adelante, anticipando las necesidades del mercado y de nuestros clientes. <\/li>\n<li><b>Experiencia Comprobada:<\/b> Con un historial de \u00e9xito en multiples proyectos, Khiva Intelligence se enorgullece de su capacidad para entregar soluciones que generan resultados reales y transformaci\u00f3n empresarial.<\/li>\n<\/ul>\n<h3><b>Enfoque Centrado en el Cliente<\/b><\/h3>\n<ul>\n<li><b>Soluciones Personalizadas:<\/b> Entendemos que no hay dos empresas iguales. Nos esforzamos por entender profundamente los desaf\u00edos y objetivos \u00fanicos de cada cliente, dise\u00f1ando soluciones que se alinean perfectamente con sus necesidades. <\/li>\n<li><b>Asociaci\u00f3n y Colaboraci\u00f3n: <\/b>M\u00e1s que un proveedor, somos un socio estrat\u00e9gico. Trabajamos codo a codo con nuestros clientes, construyendo relaciones a largo plazo basadas en la confianza y el entendimiento mutuo. <\/li>\n<\/ul>\n<h3><b>Tecnolog\u00eda y Estrategia Data-Driven<\/b><\/h3>\n<ul>\n<li><b>Adopci\u00f3n de Tecnolog\u00edas Disruptivas:<\/b> Nos mantenemos a la vanguardia de la innovaci\u00f3n tecnol\u00f3gica, incorporando las \u00faltimas tecnolog\u00edas disruptivas para ofrecer ventajas competitivas significativas.<\/li>\n<li><b>Decisiones Basadas en Datos:<\/b> Nuestro enfoque data-driven asegura que cada estrategia y soluci\u00f3n est\u00e9 fundamentada en an\u00e1lisis y evidencia, lo que conduce a resultados m\u00e1s inteligentes y efectivos.<\/li>\n<\/ul>\n<h3><b>Compromiso con la Excelencia y los Resultados<\/b><\/h3>\n<ul>\n<li><b>Orientaci\u00f3n a Resultados:<\/b> Nos dedicamos a lograr resultados tangibles. Cada proyecto y soluci\u00f3n tiene como objetivo final el \u00e9xito y el crecimiento del cliente. <\/li>\n<li><b>Excelencia Operativa:<\/b> Nuestro equipo de expertos, altamente calificado, est\u00e1 comprometido con la excelencia en cada aspecto de nuestra operaci\u00f3n, garantizando la m\u00e1s alta calidad en el servicio y la entrega.<\/li>\n<\/ul>\n<\/div><div class=\"fusion-separator\" style=\"align-self: flex-start;margin-right:auto;margin-top:10px;margin-bottom:30px;width:100%;max-width:50%;\"><div class=\"fusion-separator-border sep-single sep-solid\" style=\"--awb-height:20px;--awb-amount:20px;--awb-sep-color:var(--awb-color2);border-color:var(--awb-color2);border-top-width:1px;\"><\/div><\/div><div class=\"fusion-text fusion-text-3\"><p>Elegir <b>Khiva Intelligence<\/b> significa optar por un socio que entiende las complejidades del mundo digital y ofrece soluciones innovadoras y efectivas. Nos dedicamos a ayudar a nuestros clientes a navegar y prosperar en un entorno empresarial en constante cambio, asegurando su \u00e9xito ahora y en el futuro.<\/p>\n<\/div><\/div><\/div><\/div><\/main><\/p>\n","protected":false},"excerpt":{"rendered":"","protected":false},"author":1,"featured_media":0,"parent":0,"menu_order":0,"comment_status":"closed","ping_status":"closed","template":"100-width.php","meta":{"content-type":"","footnotes":""},"class_list":["post-779","page","type-page","status-publish","hentry"],"yoast_head":"<!-- This site is optimized with the Yoast SEO plugin v25.8 - https:\/\/yoast.com\/wordpress\/plugins\/seo\/ -->\n<title>\u00bfPor qu\u00e9 Khiva? - Khiva Intelligence<\/title>\n<meta name=\"robots\" content=\"index, follow, max-snippet:-1, max-image-preview:large, max-video-preview:-1\" \/>\n<link rel=\"canonical\" href=\"https:\/\/khiva.io\/es\/por-que-khiva\/\" \/>\n<meta property=\"og:locale\" content=\"es_ES\" \/>\n<meta property=\"og:type\" content=\"article\" \/>\n<meta property=\"og:title\" content=\"\u00bfPor qu\u00e9 Khiva? - Khiva Intelligence\" \/>\n<meta property=\"og:url\" content=\"https:\/\/khiva.io\/es\/por-que-khiva\/\" \/>\n<meta property=\"og:site_name\" content=\"Khiva Intelligence\" \/>\n<meta property=\"article:modified_time\" content=\"2025-02-19T17:50:24+00:00\" \/>\n<meta name=\"twitter:card\" content=\"summary_large_image\" \/>\n<meta name=\"twitter:label1\" content=\"Tiempo de lectura\" \/>\n\t<meta name=\"twitter:data1\" content=\"25 minutos\" \/>\n<script type=\"application\/ld+json\" class=\"yoast-schema-graph\">{\"@context\":\"https:\/\/schema.org\",\"@graph\":[{\"@type\":\"WebPage\",\"@id\":\"https:\/\/khiva.io\/es\/por-que-khiva\/\",\"url\":\"https:\/\/khiva.io\/es\/por-que-khiva\/\",\"name\":\"\u00bfPor qu\u00e9 Khiva? - Khiva Intelligence\",\"isPartOf\":{\"@id\":\"https:\/\/100.24.167.4\/#website\"},\"datePublished\":\"2024-11-21T23:43:00+00:00\",\"dateModified\":\"2025-02-19T17:50:24+00:00\",\"breadcrumb\":{\"@id\":\"https:\/\/khiva.io\/es\/por-que-khiva\/#breadcrumb\"},\"inLanguage\":\"es\",\"potentialAction\":[{\"@type\":\"ReadAction\",\"target\":[\"https:\/\/khiva.io\/es\/por-que-khiva\/\"]}]},{\"@type\":\"BreadcrumbList\",\"@id\":\"https:\/\/khiva.io\/es\/por-que-khiva\/#breadcrumb\",\"itemListElement\":[{\"@type\":\"ListItem\",\"position\":1,\"name\":\"Home\",\"item\":\"https:\/\/khiva.io\/es\/\"},{\"@type\":\"ListItem\",\"position\":2,\"name\":\"\u00bfPor qu\u00e9 Khiva?\"}]},{\"@type\":\"WebSite\",\"@id\":\"https:\/\/100.24.167.4\/#website\",\"url\":\"https:\/\/100.24.167.4\/\",\"name\":\"Khiva Intelligence\",\"description\":\"Strategix Services\",\"potentialAction\":[{\"@type\":\"SearchAction\",\"target\":{\"@type\":\"EntryPoint\",\"urlTemplate\":\"https:\/\/100.24.167.4\/?s={search_term_string}\"},\"query-input\":{\"@type\":\"PropertyValueSpecification\",\"valueRequired\":true,\"valueName\":\"search_term_string\"}}],\"inLanguage\":\"es\"}]}<\/script>\n<!-- \/ Yoast SEO plugin. -->","yoast_head_json":{"title":"\u00bfPor qu\u00e9 Khiva? - Khiva Intelligence","robots":{"index":"index","follow":"follow","max-snippet":"max-snippet:-1","max-image-preview":"max-image-preview:large","max-video-preview":"max-video-preview:-1"},"canonical":"https:\/\/khiva.io\/es\/por-que-khiva\/","og_locale":"es_ES","og_type":"article","og_title":"\u00bfPor qu\u00e9 Khiva? - Khiva Intelligence","og_url":"https:\/\/khiva.io\/es\/por-que-khiva\/","og_site_name":"Khiva Intelligence","article_modified_time":"2025-02-19T17:50:24+00:00","twitter_card":"summary_large_image","twitter_misc":{"Tiempo de lectura":"25 minutos"},"schema":{"@context":"https:\/\/schema.org","@graph":[{"@type":"WebPage","@id":"https:\/\/khiva.io\/es\/por-que-khiva\/","url":"https:\/\/khiva.io\/es\/por-que-khiva\/","name":"\u00bfPor qu\u00e9 Khiva? - Khiva Intelligence","isPartOf":{"@id":"https:\/\/100.24.167.4\/#website"},"datePublished":"2024-11-21T23:43:00+00:00","dateModified":"2025-02-19T17:50:24+00:00","breadcrumb":{"@id":"https:\/\/khiva.io\/es\/por-que-khiva\/#breadcrumb"},"inLanguage":"es","potentialAction":[{"@type":"ReadAction","target":["https:\/\/khiva.io\/es\/por-que-khiva\/"]}]},{"@type":"BreadcrumbList","@id":"https:\/\/khiva.io\/es\/por-que-khiva\/#breadcrumb","itemListElement":[{"@type":"ListItem","position":1,"name":"Home","item":"https:\/\/khiva.io\/es\/"},{"@type":"ListItem","position":2,"name":"\u00bfPor qu\u00e9 Khiva?"}]},{"@type":"WebSite","@id":"https:\/\/100.24.167.4\/#website","url":"https:\/\/100.24.167.4\/","name":"Khiva Intelligence","description":"Strategix Services","potentialAction":[{"@type":"SearchAction","target":{"@type":"EntryPoint","urlTemplate":"https:\/\/100.24.167.4\/?s={search_term_string}"},"query-input":{"@type":"PropertyValueSpecification","valueRequired":true,"valueName":"search_term_string"}}],"inLanguage":"es"}]}},"_links":{"self":[{"href":"https:\/\/khiva.io\/es\/wp-json\/wp\/v2\/pages\/779","targetHints":{"allow":["GET"]}}],"collection":[{"href":"https:\/\/khiva.io\/es\/wp-json\/wp\/v2\/pages"}],"about":[{"href":"https:\/\/khiva.io\/es\/wp-json\/wp\/v2\/types\/page"}],"author":[{"embeddable":true,"href":"https:\/\/khiva.io\/es\/wp-json\/wp\/v2\/users\/1"}],"replies":[{"embeddable":true,"href":"https:\/\/khiva.io\/es\/wp-json\/wp\/v2\/comments?post=779"}],"version-history":[{"count":4,"href":"https:\/\/khiva.io\/es\/wp-json\/wp\/v2\/pages\/779\/revisions"}],"predecessor-version":[{"id":1715,"href":"https:\/\/khiva.io\/es\/wp-json\/wp\/v2\/pages\/779\/revisions\/1715"}],"wp:attachment":[{"href":"https:\/\/khiva.io\/es\/wp-json\/wp\/v2\/media?parent=779"}],"curies":[{"name":"wp","href":"https:\/\/api.w.org\/{rel}","templated":true}]}}