{"id":767,"date":"2024-11-21T23:29:27","date_gmt":"2024-11-21T23:29:27","guid":{"rendered":"https:\/\/khiva.io\/empoderar-a-traves-de-lo-digital\/"},"modified":"2025-02-28T22:18:22","modified_gmt":"2025-02-28T22:18:22","slug":"empoderar-a-traves-de-lo-digital","status":"publish","type":"page","link":"https:\/\/khiva.io\/es\/empoderar-a-traves-de-lo-digital\/","title":{"rendered":"Empoderar a trav\u00e9s de lo digital"},"content":{"rendered":"<p><section class=\"fusion-fullwidth fullwidth-box fusion-builder-row-1 fusion-flex-container has-pattern-background has-mask-background fusion-parallax-none nonhundred-percent-fullwidth non-hundred-percent-height-scrolling lazyload\" style=\"--awb-background-position:center top;--awb-border-radius-top-left:0px;--awb-border-radius-top-right:0px;--awb-border-radius-bottom-right:0px;--awb-border-radius-bottom-left:0px;--awb-margin-top:0px;--awb-margin-bottom:0px;--awb-background-size:cover;--awb-flex-wrap:wrap;\" data-bg=\"http:\/\/khiva.io\/wp-content\/uploads\/2024\/11\/Empowering-through-digital-banner-Khiva-Strategix-Services.webp\" data-fusion-responsive-bg=\"1\" data-bg-small=\"http:\/\/khiva.io\/wp-content\/uploads\/2025\/02\/Empowering-through-digital-banner-Khiva-Strategix-Services-mobile.webp\" ><div class=\"fusion-builder-row fusion-row fusion-flex-align-items-flex-start fusion-flex-content-wrap\" style=\"max-width:1248px;margin-left: calc(-4% \/ 2 );margin-right: calc(-4% \/ 2 );\"><div class=\"fusion-layout-column fusion_builder_column fusion-builder-column-0 fusion_builder_column_1_1 1_1 fusion-flex-column\" style=\"--awb-padding-top:400px;--awb-padding-bottom:60px;--awb-padding-top-small:380px;--awb-padding-bottom-small:20px;--awb-bg-size:cover;--awb-width-large:100%;--awb-margin-top-large:0px;--awb-spacing-right-large:1.92%;--awb-margin-bottom-large:20px;--awb-spacing-left-large:1.92%;--awb-width-medium:100%;--awb-order-medium:0;--awb-spacing-right-medium:1.92%;--awb-spacing-left-medium:1.92%;--awb-width-small:100%;--awb-order-small:0;--awb-spacing-right-small:1.92%;--awb-spacing-left-small:1.92%;\" data-scroll-devices=\"small-visibility,medium-visibility,large-visibility\"><div class=\"fusion-column-wrapper fusion-column-has-shadow fusion-flex-justify-content-flex-start fusion-content-layout-column\"><div class=\"fusion-title title fusion-title-1 fusion-sep-none fusion-title-text fusion-title-size-one banner-title\" style=\"--awb-text-color:var(--awb-color2);--awb-font-size:2.5em;\"><h1 class=\"fusion-title-heading title-heading-left\" style=\"font-family:var(--awb-typography1-font-family);font-weight:var(--awb-typography1-font-weight);font-style:var(--awb-typography1-font-style);margin:0;font-size:1em;letter-spacing:var(--awb-typography1-letter-spacing);text-transform:var(--awb-typography1-text-transform);line-height:var(--awb-typography1-line-height);text-shadow:6px 6px 10px rgba(24,35,74,0.8);\">EMPODERAR<br \/>\n<span class=\"banner-subtitle\">A TRAV\u00c9S DE LO DIGITAL<\/span><\/h1><\/div><\/div><\/div><\/div><\/section><div id=\"more\" class=\"fusion-container-anchor\"><main class=\"fusion-fullwidth fullwidth-box fusion-builder-row-2 fusion-flex-container has-pattern-background has-mask-background nonhundred-percent-fullwidth non-hundred-percent-height-scrolling\" style=\"--awb-border-radius-top-left:0px;--awb-border-radius-top-right:0px;--awb-border-radius-bottom-right:0px;--awb-border-radius-bottom-left:0px;--awb-padding-top:60px;--awb-padding-bottom:30px;--awb-margin-bottom:30px;--awb-background-color:var(--awb-color8);--awb-flex-wrap:wrap;\" ><div class=\"fusion-builder-row fusion-row fusion-flex-align-items-flex-start fusion-flex-justify-content-center fusion-flex-content-wrap\" style=\"max-width:1248px;margin-left: calc(-4% \/ 2 );margin-right: calc(-4% \/ 2 );\"><div class=\"fusion-layout-column fusion_builder_column fusion-builder-column-1 fusion_builder_column_1_1 1_1 fusion-flex-column\" style=\"--awb-bg-size:cover;--awb-width-large:100%;--awb-margin-top-large:0px;--awb-spacing-right-large:1.92%;--awb-margin-bottom-large:20px;--awb-spacing-left-large:1.92%;--awb-width-medium:100%;--awb-order-medium:0;--awb-spacing-right-medium:1.92%;--awb-spacing-left-medium:1.92%;--awb-width-small:100%;--awb-order-small:0;--awb-spacing-right-small:1.92%;--awb-spacing-left-small:1.92%;\" data-scroll-devices=\"small-visibility,medium-visibility,large-visibility\"><div class=\"fusion-column-wrapper fusion-column-has-shadow fusion-flex-justify-content-flex-start fusion-content-layout-row fusion-flex-align-items-center\"><div class=\"fusion-image-element \" style=\"text-align:left;--awb-margin-right:20px;--awb-caption-title-font-family:var(--h2_typography-font-family);--awb-caption-title-font-weight:var(--h2_typography-font-weight);--awb-caption-title-font-style:var(--h2_typography-font-style);--awb-caption-title-size:var(--h2_typography-font-size);--awb-caption-title-transform:var(--h2_typography-text-transform);--awb-caption-title-line-height:var(--h2_typography-line-height);--awb-caption-title-letter-spacing:var(--h2_typography-letter-spacing);\"><span class=\" fusion-imageframe imageframe-none imageframe-1 hover-type-none\"><img decoding=\"async\" width=\"76\" height=\"70\" src=\"data:image\/svg+xml,%3Csvg%20xmlns%3D%27http%3A%2F%2Fwww.w3.org%2F2000%2Fsvg%27%20width%3D%2776%27%20height%3D%2770%27%20viewBox%3D%270%200%2076%2070%27%3E%3Crect%20width%3D%2776%27%20height%3D%2770%27%20fill-opacity%3D%220%22%2F%3E%3C%2Fsvg%3E\" data-orig-src=\"http:\/\/khiva.io\/wp-content\/uploads\/2024\/11\/Empowering-through-digital-icon.webp\" alt class=\"lazyload img-responsive wp-image-695\"\/><\/span><\/div><div class=\"fusion-title title fusion-title-2 fusion-sep-none fusion-title-text fusion-title-size-two\"><h2 class=\"fusion-title-heading title-heading-left\" style=\"margin:0;\">Empoderar a trav\u00e9s de lo digital<\/h2><\/div><\/div><\/div><div class=\"fusion-layout-column fusion_builder_column fusion-builder-column-2 fusion_builder_column_1_1 1_1 fusion-flex-column\" style=\"--awb-bg-size:cover;--awb-width-large:100%;--awb-margin-top-large:0px;--awb-spacing-right-large:1.92%;--awb-margin-bottom-large:20px;--awb-spacing-left-large:1.92%;--awb-width-medium:100%;--awb-order-medium:0;--awb-spacing-right-medium:1.92%;--awb-spacing-left-medium:1.92%;--awb-width-small:100%;--awb-order-small:0;--awb-spacing-right-small:1.92%;--awb-spacing-left-small:1.92%;\" data-scroll-devices=\"small-visibility,medium-visibility,large-visibility\"><div class=\"fusion-column-wrapper fusion-column-has-shadow fusion-flex-justify-content-flex-start fusion-content-layout-column\"><div class=\"fusion-text fusion-text-1 intro\" style=\"--awb-content-alignment:left;\"><p>En la era de la transformaci\u00f3n constante, <b>\u201cEmpoderar a trav\u00e9s de lo digital\u201d<\/b> es nuestra promesa en <b>Khiva Intelligence<\/b> para asegurar que nuestros clientes no solo se mantengan al d\u00eda, sino que lideren la revoluci\u00f3n digital. Entendemos que la verdadera potencia digital se logra cuando las empresas adoptan la tecnolog\u00eda no solo como una herramienta, sino como un catalizador de cambio y crecimiento.<\/p>\n<\/div><\/div><\/div><\/div><\/main><\/div><main class=\"fusion-fullwidth fullwidth-box fusion-builder-row-3 fusion-flex-container has-pattern-background has-mask-background nonhundred-percent-fullwidth non-hundred-percent-height-scrolling\" style=\"--awb-border-radius-top-left:0px;--awb-border-radius-top-right:0px;--awb-border-radius-bottom-right:0px;--awb-border-radius-bottom-left:0px;--awb-flex-wrap:wrap;\" ><div class=\"fusion-builder-row fusion-row fusion-flex-align-items-flex-start fusion-flex-content-wrap\" style=\"max-width:1248px;margin-left: calc(-4% \/ 2 );margin-right: calc(-4% \/ 2 );\"><div class=\"fusion-layout-column fusion_builder_column fusion-builder-column-3 fusion_builder_column_1_1 1_1 fusion-flex-column\" style=\"--awb-bg-size:cover;--awb-width-large:100%;--awb-margin-top-large:0px;--awb-spacing-right-large:1.92%;--awb-margin-bottom-large:20px;--awb-spacing-left-large:1.92%;--awb-width-medium:100%;--awb-order-medium:0;--awb-spacing-right-medium:1.92%;--awb-spacing-left-medium:1.92%;--awb-width-small:100%;--awb-order-small:0;--awb-spacing-right-small:1.92%;--awb-spacing-left-small:1.92%;\"><div class=\"fusion-column-wrapper fusion-column-has-shadow fusion-flex-justify-content-flex-start fusion-content-layout-column\"><div class=\"fusion-text fusion-text-2\"><h3><b>Integraci\u00f3n Tecnol\u00f3gica Profunda<\/b><\/h3>\n<p>Nuestro enfoque est\u00e1 en la integraci\u00f3n profunda de soluciones tecnol\u00f3gicas avanzadas que abarcan desde la automatizaci\u00f3n de procesos hasta la inteligencia artificial y el an\u00e1lisis de grandes vol\u00famenes de datos. Estamos comprometidos con:<\/p>\n<ul>\n<li><b>Transformaci\u00f3n de procesos:<\/b> Reimaginamos los procesos de negocio para que sean m\u00e1s inteligentes, \u00e1giles y eficientes a trav\u00e9s de la digitalizaci\u00f3n.<\/li>\n<li><b>Habilitaci\u00f3n digital:<\/b> Empoderamos a las organizaciones con las habilidades y herramientas necesarias para aprovechar el poder de la tecnolog\u00eda digital, asegurando que la fuerza laboral est\u00e9 preparada para los desaf\u00edos futuros.<\/li>\n<li><b>Innovaci\u00f3n continua:<\/b> Inspiramos a las empresas a adoptar un enfoque de innovaci\u00f3n continua, donde la tecnolog\u00eda digital abre nuevas v\u00edas para la creaci\u00f3n de valor y soluciones disruptivas.<\/li>\n<\/ul>\n<h3><b>Conduciendo el Cambio<\/b><\/h3>\n<p>Con <b>\u201cEmpoderar a trav\u00e9s de lo digital\u201d<\/b>, impulsamos a las empresas a ser agentes activos de su propia transformaci\u00f3n:<\/p>\n<ul>\n<li><b>Estrategias Digitales Personalizadas:<\/b> Desarrollamos estrategias digitales que se alinean con los objetivos espec\u00edficos de cada cliente, maximizando el retorno sobre la inversi\u00f3n digital.<\/li>\n<li><b>Adopci\u00f3n tecnol\u00f3gica:<\/b> Facilitamos la adopci\u00f3n de nuevas tecnolog\u00edas de manera estrat\u00e9gica y ponderada, asegurando que cada inversi\u00f3n tecnol\u00f3gica genere valor real.<\/li>\n<li><b>Cultura Digital:<\/b> Ayudamos a forjar una cultura digital en la que la innovaci\u00f3n y la adaptabilidad se convierten en la norma, permitiendo a las empresas estar un paso adelante en un entorno de mercado din\u00e1mico.<\/li>\n<\/ul>\n<\/div><div class=\"fusion-separator\" style=\"align-self: flex-start;margin-right:auto;margin-top:10px;margin-bottom:30px;width:100%;max-width:50%;\"><div class=\"fusion-separator-border sep-single sep-solid\" style=\"--awb-height:20px;--awb-amount:20px;--awb-sep-color:var(--awb-color2);border-color:var(--awb-color2);border-top-width:1px;\"><\/div><\/div><div class=\"fusion-text fusion-text-3\"><p><em><b>Empoderar a trav\u00e9s de lo digital<\/b><\/em> es m\u00e1s que una frase: es una realidad tangible que transforma a las empresas desde su n\u00facleo. Nuestro enfoque asegura que la tecnolog\u00eda sea una piedra angular en la evoluci\u00f3n y el \u00e9xito de nuestros clientes, manteni\u00e9ndolos relevantes y destacados en sus respectivos sectores.<\/p>\n<\/div><\/div><\/div><\/div><\/main><\/p>\n","protected":false},"excerpt":{"rendered":"","protected":false},"author":1,"featured_media":0,"parent":0,"menu_order":0,"comment_status":"closed","ping_status":"closed","template":"100-width.php","meta":{"content-type":"","footnotes":""},"class_list":["post-767","page","type-page","status-publish","hentry"],"yoast_head":"<!-- This site is optimized with the Yoast SEO plugin v25.8 - https:\/\/yoast.com\/wordpress\/plugins\/seo\/ -->\n<title>Empoderar a trav\u00e9s de lo digital - Khiva Intelligence<\/title>\n<meta name=\"robots\" content=\"index, follow, max-snippet:-1, max-image-preview:large, max-video-preview:-1\" \/>\n<link rel=\"canonical\" href=\"https:\/\/khiva.io\/es\/empoderar-a-traves-de-lo-digital\/\" \/>\n<meta property=\"og:locale\" content=\"es_ES\" \/>\n<meta property=\"og:type\" content=\"article\" \/>\n<meta property=\"og:title\" content=\"Empoderar a trav\u00e9s de lo digital - Khiva Intelligence\" \/>\n<meta property=\"og:url\" content=\"https:\/\/khiva.io\/es\/empoderar-a-traves-de-lo-digital\/\" \/>\n<meta property=\"og:site_name\" content=\"Khiva Intelligence\" \/>\n<meta property=\"article:modified_time\" content=\"2025-02-28T22:18:22+00:00\" \/>\n<meta name=\"twitter:card\" content=\"summary_large_image\" \/>\n<meta name=\"twitter:label1\" content=\"Tiempo de lectura\" \/>\n\t<meta name=\"twitter:data1\" content=\"25 minutos\" \/>\n<script type=\"application\/ld+json\" class=\"yoast-schema-graph\">{\"@context\":\"https:\/\/schema.org\",\"@graph\":[{\"@type\":\"WebPage\",\"@id\":\"https:\/\/khiva.io\/es\/empoderar-a-traves-de-lo-digital\/\",\"url\":\"https:\/\/khiva.io\/es\/empoderar-a-traves-de-lo-digital\/\",\"name\":\"Empoderar a trav\u00e9s de lo digital - Khiva Intelligence\",\"isPartOf\":{\"@id\":\"https:\/\/100.24.167.4\/#website\"},\"datePublished\":\"2024-11-21T23:29:27+00:00\",\"dateModified\":\"2025-02-28T22:18:22+00:00\",\"breadcrumb\":{\"@id\":\"https:\/\/khiva.io\/es\/empoderar-a-traves-de-lo-digital\/#breadcrumb\"},\"inLanguage\":\"es\",\"potentialAction\":[{\"@type\":\"ReadAction\",\"target\":[\"https:\/\/khiva.io\/es\/empoderar-a-traves-de-lo-digital\/\"]}]},{\"@type\":\"BreadcrumbList\",\"@id\":\"https:\/\/khiva.io\/es\/empoderar-a-traves-de-lo-digital\/#breadcrumb\",\"itemListElement\":[{\"@type\":\"ListItem\",\"position\":1,\"name\":\"Home\",\"item\":\"https:\/\/khiva.io\/es\/\"},{\"@type\":\"ListItem\",\"position\":2,\"name\":\"Empoderar a trav\u00e9s de lo digital\"}]},{\"@type\":\"WebSite\",\"@id\":\"https:\/\/100.24.167.4\/#website\",\"url\":\"https:\/\/100.24.167.4\/\",\"name\":\"Khiva Intelligence\",\"description\":\"Strategix Services\",\"potentialAction\":[{\"@type\":\"SearchAction\",\"target\":{\"@type\":\"EntryPoint\",\"urlTemplate\":\"https:\/\/100.24.167.4\/?s={search_term_string}\"},\"query-input\":{\"@type\":\"PropertyValueSpecification\",\"valueRequired\":true,\"valueName\":\"search_term_string\"}}],\"inLanguage\":\"es\"}]}<\/script>\n<!-- \/ Yoast SEO plugin. -->","yoast_head_json":{"title":"Empoderar a trav\u00e9s de lo digital - Khiva Intelligence","robots":{"index":"index","follow":"follow","max-snippet":"max-snippet:-1","max-image-preview":"max-image-preview:large","max-video-preview":"max-video-preview:-1"},"canonical":"https:\/\/khiva.io\/es\/empoderar-a-traves-de-lo-digital\/","og_locale":"es_ES","og_type":"article","og_title":"Empoderar a trav\u00e9s de lo digital - Khiva Intelligence","og_url":"https:\/\/khiva.io\/es\/empoderar-a-traves-de-lo-digital\/","og_site_name":"Khiva Intelligence","article_modified_time":"2025-02-28T22:18:22+00:00","twitter_card":"summary_large_image","twitter_misc":{"Tiempo de lectura":"25 minutos"},"schema":{"@context":"https:\/\/schema.org","@graph":[{"@type":"WebPage","@id":"https:\/\/khiva.io\/es\/empoderar-a-traves-de-lo-digital\/","url":"https:\/\/khiva.io\/es\/empoderar-a-traves-de-lo-digital\/","name":"Empoderar a trav\u00e9s de lo digital - Khiva Intelligence","isPartOf":{"@id":"https:\/\/100.24.167.4\/#website"},"datePublished":"2024-11-21T23:29:27+00:00","dateModified":"2025-02-28T22:18:22+00:00","breadcrumb":{"@id":"https:\/\/khiva.io\/es\/empoderar-a-traves-de-lo-digital\/#breadcrumb"},"inLanguage":"es","potentialAction":[{"@type":"ReadAction","target":["https:\/\/khiva.io\/es\/empoderar-a-traves-de-lo-digital\/"]}]},{"@type":"BreadcrumbList","@id":"https:\/\/khiva.io\/es\/empoderar-a-traves-de-lo-digital\/#breadcrumb","itemListElement":[{"@type":"ListItem","position":1,"name":"Home","item":"https:\/\/khiva.io\/es\/"},{"@type":"ListItem","position":2,"name":"Empoderar a trav\u00e9s de lo digital"}]},{"@type":"WebSite","@id":"https:\/\/100.24.167.4\/#website","url":"https:\/\/100.24.167.4\/","name":"Khiva Intelligence","description":"Strategix Services","potentialAction":[{"@type":"SearchAction","target":{"@type":"EntryPoint","urlTemplate":"https:\/\/100.24.167.4\/?s={search_term_string}"},"query-input":{"@type":"PropertyValueSpecification","valueRequired":true,"valueName":"search_term_string"}}],"inLanguage":"es"}]}},"_links":{"self":[{"href":"https:\/\/khiva.io\/es\/wp-json\/wp\/v2\/pages\/767","targetHints":{"allow":["GET"]}}],"collection":[{"href":"https:\/\/khiva.io\/es\/wp-json\/wp\/v2\/pages"}],"about":[{"href":"https:\/\/khiva.io\/es\/wp-json\/wp\/v2\/types\/page"}],"author":[{"embeddable":true,"href":"https:\/\/khiva.io\/es\/wp-json\/wp\/v2\/users\/1"}],"replies":[{"embeddable":true,"href":"https:\/\/khiva.io\/es\/wp-json\/wp\/v2\/comments?post=767"}],"version-history":[{"count":19,"href":"https:\/\/khiva.io\/es\/wp-json\/wp\/v2\/pages\/767\/revisions"}],"predecessor-version":[{"id":899,"href":"https:\/\/khiva.io\/es\/wp-json\/wp\/v2\/pages\/767\/revisions\/899"}],"wp:attachment":[{"href":"https:\/\/khiva.io\/es\/wp-json\/wp\/v2\/media?parent=767"}],"curies":[{"name":"wp","href":"https:\/\/api.w.org\/{rel}","templated":true}]}}