{"id":763,"date":"2024-11-21T23:11:13","date_gmt":"2024-11-21T23:11:13","guid":{"rendered":"https:\/\/khiva.io\/adaptacion-a-los-cambios-del-mercado\/"},"modified":"2025-02-28T22:09:32","modified_gmt":"2025-02-28T22:09:32","slug":"adaptacion-a-los-cambios-del-mercado","status":"publish","type":"page","link":"https:\/\/khiva.io\/es\/adaptacion-a-los-cambios-del-mercado\/","title":{"rendered":"Adaptaci\u00f3n a los cambios del mercado"},"content":{"rendered":"<p><section class=\"fusion-fullwidth fullwidth-box fusion-builder-row-1 fusion-flex-container has-pattern-background has-mask-background fusion-parallax-none nonhundred-percent-fullwidth non-hundred-percent-height-scrolling lazyload\" style=\"--awb-background-position:center top;--awb-border-radius-top-left:0px;--awb-border-radius-top-right:0px;--awb-border-radius-bottom-right:0px;--awb-border-radius-bottom-left:0px;--awb-margin-top:0px;--awb-margin-bottom:0px;--awb-background-size:cover;--awb-flex-wrap:wrap;\" data-bg=\"http:\/\/khiva.io\/wp-content\/uploads\/2024\/11\/Adapting-to-Market-Changes-banner-Khiva-Strategix-Services.webp\" data-fusion-responsive-bg=\"1\" data-bg-small=\"http:\/\/khiva.io\/wp-content\/uploads\/2025\/02\/Adapting-to-Market-Changes-banner-Khiva-Strategix-Services-mobile.webp\" ><div class=\"fusion-builder-row fusion-row fusion-flex-align-items-flex-start fusion-flex-content-wrap\" style=\"max-width:1248px;margin-left: calc(-4% \/ 2 );margin-right: calc(-4% \/ 2 );\"><div class=\"fusion-layout-column fusion_builder_column fusion-builder-column-0 fusion_builder_column_1_1 1_1 fusion-flex-column\" style=\"--awb-padding-top:400px;--awb-padding-bottom:60px;--awb-padding-top-small:380px;--awb-padding-bottom-small:20px;--awb-bg-size:cover;--awb-width-large:100%;--awb-margin-top-large:0px;--awb-spacing-right-large:1.92%;--awb-margin-bottom-large:20px;--awb-spacing-left-large:1.92%;--awb-width-medium:100%;--awb-order-medium:0;--awb-spacing-right-medium:1.92%;--awb-spacing-left-medium:1.92%;--awb-width-small:100%;--awb-order-small:0;--awb-spacing-right-small:1.92%;--awb-spacing-left-small:1.92%;\" data-scroll-devices=\"small-visibility,medium-visibility,large-visibility\"><div class=\"fusion-column-wrapper fusion-column-has-shadow fusion-flex-justify-content-flex-start fusion-content-layout-column\"><div class=\"fusion-title title fusion-title-1 fusion-sep-none fusion-title-text fusion-title-size-one banner-title\" style=\"--awb-text-color:var(--awb-color2);--awb-font-size:2.5em;\"><h1 class=\"fusion-title-heading title-heading-left\" style=\"font-family:var(--awb-typography1-font-family);font-weight:var(--awb-typography1-font-weight);font-style:var(--awb-typography1-font-style);margin:0;font-size:1em;letter-spacing:var(--awb-typography1-letter-spacing);text-transform:var(--awb-typography1-text-transform);line-height:var(--awb-typography1-line-height);text-shadow:6px 6px 10px rgba(24,35,74,0.8);\">ADAPTACI\u00d3N A LOS<br \/>\n<span class=\"banner-subtitle\">CAMBIOS DEL MERCADO<\/span><\/h1><\/div><\/div><\/div><\/div><\/section><div id=\"more\" class=\"fusion-container-anchor\"><main class=\"fusion-fullwidth fullwidth-box fusion-builder-row-2 fusion-flex-container has-pattern-background has-mask-background nonhundred-percent-fullwidth non-hundred-percent-height-scrolling\" style=\"--awb-border-radius-top-left:0px;--awb-border-radius-top-right:0px;--awb-border-radius-bottom-right:0px;--awb-border-radius-bottom-left:0px;--awb-padding-top:60px;--awb-padding-bottom:30px;--awb-margin-bottom:30px;--awb-background-color:var(--awb-color8);--awb-flex-wrap:wrap;\" ><div class=\"fusion-builder-row fusion-row fusion-flex-align-items-flex-start fusion-flex-justify-content-center fusion-flex-content-wrap\" style=\"max-width:1248px;margin-left: calc(-4% \/ 2 );margin-right: calc(-4% \/ 2 );\"><div class=\"fusion-layout-column fusion_builder_column fusion-builder-column-1 fusion_builder_column_1_1 1_1 fusion-flex-column\" style=\"--awb-bg-size:cover;--awb-width-large:100%;--awb-margin-top-large:0px;--awb-spacing-right-large:1.92%;--awb-margin-bottom-large:20px;--awb-spacing-left-large:1.92%;--awb-width-medium:100%;--awb-order-medium:0;--awb-spacing-right-medium:1.92%;--awb-spacing-left-medium:1.92%;--awb-width-small:100%;--awb-order-small:0;--awb-spacing-right-small:1.92%;--awb-spacing-left-small:1.92%;\" data-scroll-devices=\"small-visibility,medium-visibility,large-visibility\"><div class=\"fusion-column-wrapper fusion-column-has-shadow fusion-flex-justify-content-flex-start fusion-content-layout-row fusion-flex-align-items-center\"><div class=\"fusion-image-element \" style=\"text-align:left;--awb-margin-right:20px;--awb-caption-title-font-family:var(--h2_typography-font-family);--awb-caption-title-font-weight:var(--h2_typography-font-weight);--awb-caption-title-font-style:var(--h2_typography-font-style);--awb-caption-title-size:var(--h2_typography-font-size);--awb-caption-title-transform:var(--h2_typography-text-transform);--awb-caption-title-line-height:var(--h2_typography-line-height);--awb-caption-title-letter-spacing:var(--h2_typography-letter-spacing);\"><span class=\" fusion-imageframe imageframe-none imageframe-1 hover-type-none\"><img decoding=\"async\" width=\"69\" height=\"70\" src=\"https:\/\/khiva.io\/wp-content\/uploads\/2024\/11\/Adapting-to-Market-Changes-icon.webp\" data-orig-src=\"http:\/\/khiva.io\/wp-content\/uploads\/2024\/11\/Adapting-to-Market-Changes-icon.webp\" alt class=\"lazyload img-responsive wp-image-693\" srcset=\"data:image\/svg+xml,%3Csvg%20xmlns%3D%27http%3A%2F%2Fwww.w3.org%2F2000%2Fsvg%27%20width%3D%2769%27%20height%3D%2770%27%20viewBox%3D%270%200%2069%2070%27%3E%3Crect%20width%3D%2769%27%20height%3D%2770%27%20fill-opacity%3D%220%22%2F%3E%3C%2Fsvg%3E\" data-srcset=\"https:\/\/khiva.io\/wp-content\/uploads\/2024\/11\/Adapting-to-Market-Changes-icon-66x66.webp 66w, https:\/\/khiva.io\/wp-content\/uploads\/2024\/11\/Adapting-to-Market-Changes-icon.webp 69w\" data-sizes=\"auto\" data-orig-sizes=\"(max-width: 640px) 100vw, 69px\" \/><\/span><\/div><div class=\"fusion-title title fusion-title-2 fusion-sep-none fusion-title-text fusion-title-size-two\"><h2 class=\"fusion-title-heading title-heading-left\" style=\"margin:0;\">Adaptaci\u00f3n a los cambios del mercado<\/h2><\/div><\/div><\/div><div class=\"fusion-layout-column fusion_builder_column fusion-builder-column-2 fusion_builder_column_1_1 1_1 fusion-flex-column\" style=\"--awb-bg-size:cover;--awb-width-large:100%;--awb-margin-top-large:0px;--awb-spacing-right-large:1.92%;--awb-margin-bottom-large:20px;--awb-spacing-left-large:1.92%;--awb-width-medium:100%;--awb-order-medium:0;--awb-spacing-right-medium:1.92%;--awb-spacing-left-medium:1.92%;--awb-width-small:100%;--awb-order-small:0;--awb-spacing-right-small:1.92%;--awb-spacing-left-small:1.92%;\" data-scroll-devices=\"small-visibility,medium-visibility,large-visibility\"><div class=\"fusion-column-wrapper fusion-column-has-shadow fusion-flex-justify-content-flex-start fusion-content-layout-column\"><div class=\"fusion-text fusion-text-1 intro\" style=\"--awb-content-alignment:left;\"><p>En el mundo de los negocios, de ritmo acelerado, mantenerse relevante significa ser capaz de pivotar de manera r\u00e1pida y efectiva a medida que evolucionan las din\u00e1micas del mercado. En <b>Khiva Intelligence<\/b>, nuestro enfoque en <b>\u201cAdaptaci\u00f3n a los cambios del mercado\u201d<\/b> es central en nuestro compromiso con el \u00e9xito del cliente. Empoderamos a las empresas para no solo navegar sino tambi\u00e9n capitalizar los cambios que moldean sus industrias.<\/p>\n<\/div><\/div><\/div><\/div><\/main><\/div><main class=\"fusion-fullwidth fullwidth-box fusion-builder-row-3 fusion-flex-container has-pattern-background has-mask-background nonhundred-percent-fullwidth non-hundred-percent-height-scrolling\" style=\"--awb-border-radius-top-left:0px;--awb-border-radius-top-right:0px;--awb-border-radius-bottom-right:0px;--awb-border-radius-bottom-left:0px;--awb-flex-wrap:wrap;\" ><div class=\"fusion-builder-row fusion-row fusion-flex-align-items-flex-start fusion-flex-content-wrap\" style=\"max-width:1248px;margin-left: calc(-4% \/ 2 );margin-right: calc(-4% \/ 2 );\"><div class=\"fusion-layout-column fusion_builder_column fusion-builder-column-3 fusion_builder_column_1_1 1_1 fusion-flex-column\" style=\"--awb-bg-size:cover;--awb-width-large:100%;--awb-margin-top-large:0px;--awb-spacing-right-large:1.92%;--awb-margin-bottom-large:20px;--awb-spacing-left-large:1.92%;--awb-width-medium:100%;--awb-order-medium:0;--awb-spacing-right-medium:1.92%;--awb-spacing-left-medium:1.92%;--awb-width-small:100%;--awb-order-small:0;--awb-spacing-right-small:1.92%;--awb-spacing-left-small:1.92%;\"><div class=\"fusion-column-wrapper fusion-column-has-shadow fusion-flex-justify-content-flex-start fusion-content-layout-column\"><div class=\"fusion-text fusion-text-2\"><h3><b>Abrazando la Transformaci\u00f3n Digital<\/b><\/h3>\n<p>Nuestro enfoque hacia la transformaci\u00f3n digital es integral y visionario. Entendemos que la relevancia en la era digital no se trata solo de adoptar nuevas tecnolog\u00edas; se trata de integrar estas tecnolog\u00edas en el n\u00facleo de su estrategia empresarial para impulsar el crecimiento, la innovaci\u00f3n y el compromiso del cliente.<\/p>\n<ul>\n<li><b>Agile Adaptation:<\/b> Guiamos a nuestros clientes a trav\u00e9s de estrategias de adaptaci\u00f3n \u00e1gil, permiti\u00e9ndoles responder a los cambios del mercado con flexibilidad y velocidad.<\/li>\n<li><b>Predictive Insights:<\/b> Aprovechando el an\u00e1lisis de datos y la inteligencia de mercado, proporcionamos perspectivas predictivas que ayudan a las empresas a anticipar tendencias del mercado y preparar respuestas proactivas.<\/li>\n<li><b>Continuous Learning:<\/b> Fomentando una cultura de aprendizaje continuo e innovaci\u00f3n dentro de las organizaciones, nos aseguramos de que su equipo est\u00e9 siempre equipado con el conocimiento y las herramientas para estar a la vanguardia.<\/li>\n<li><b>Tech-Enabled Business Models:<\/b> Ayudamos a remodelar los modelos de negocio con la tecnolog\u00eda en su n\u00facleo, asegurando que la transformaci\u00f3n digital no sea solo una frase de moda, sino una realidad sostenible.<\/li>\n<\/ul>\n<h3><b>Navegando el Paisaje Digital<\/b><\/h3>\n<p>Nuestros servicios est\u00e1n dise\u00f1ados para hacer de la transformaci\u00f3n digital un viaje sin fisuras:<\/p>\n<ul>\n<li><b>Custom Digital Roadmaps:<\/b> Creaci\u00f3n de hojas de ruta digitales a medida que se alinean con sus objetivos comerciales \u00fanicos y la posici\u00f3n en el mercado.<\/li>\n<li><b>Technology Integration: <\/b>Asegurando una integraci\u00f3n sin problemas de las tecnolog\u00edas emergentes en sus operaciones comerciales, mejorando la eficiencia y la experiencia del cliente.<\/li>\n<li><b>Change Management: <\/b>Asistencia con la gesti\u00f3n del cambio para abrazar los desplazamientos digitales mientras se mantienen la visi\u00f3n y los valores de su compa\u00f1\u00eda.<\/li>\n<\/ul>\n<\/div><div class=\"fusion-separator\" style=\"align-self: flex-start;margin-right:auto;margin-top:10px;margin-bottom:30px;width:100%;max-width:50%;\"><div class=\"fusion-separator-border sep-single sep-solid\" style=\"--awb-height:20px;--awb-amount:20px;--awb-sep-color:var(--awb-color2);border-color:var(--awb-color2);border-top-width:1px;\"><\/div><\/div><div class=\"fusion-text fusion-text-3\"><p><em><b>Adaptaci\u00f3n a los cambios del mercado<\/b><\/em> no se trata solo de mantenerse relevante, sino de prosperar en un panorama digital en constante evoluci\u00f3n. Nuestro compromiso con la transformaci\u00f3n digital es tu ventaja para preparar tu negocio para el futuro, asegurando que no solo te enfrentes al futuro, sino que tambi\u00e9n lo moldees.<\/p>\n<\/div><\/div><\/div><\/div><\/main><\/p>\n","protected":false},"excerpt":{"rendered":"","protected":false},"author":1,"featured_media":0,"parent":0,"menu_order":0,"comment_status":"closed","ping_status":"closed","template":"100-width.php","meta":{"content-type":"","footnotes":""},"class_list":["post-763","page","type-page","status-publish","hentry"],"yoast_head":"<!-- This site is optimized with the Yoast SEO plugin v25.8 - https:\/\/yoast.com\/wordpress\/plugins\/seo\/ -->\n<title>Adaptaci\u00f3n a los cambios del mercado - Khiva Intelligence<\/title>\n<meta name=\"robots\" content=\"index, follow, max-snippet:-1, max-image-preview:large, max-video-preview:-1\" \/>\n<link rel=\"canonical\" href=\"https:\/\/khiva.io\/es\/adaptacion-a-los-cambios-del-mercado\/\" \/>\n<meta property=\"og:locale\" content=\"es_ES\" \/>\n<meta property=\"og:type\" content=\"article\" \/>\n<meta property=\"og:title\" content=\"Adaptaci\u00f3n a los cambios del mercado - Khiva Intelligence\" \/>\n<meta property=\"og:url\" content=\"https:\/\/khiva.io\/es\/adaptacion-a-los-cambios-del-mercado\/\" \/>\n<meta property=\"og:site_name\" content=\"Khiva Intelligence\" \/>\n<meta property=\"article:modified_time\" content=\"2025-02-28T22:09:32+00:00\" \/>\n<meta name=\"twitter:card\" content=\"summary_large_image\" \/>\n<meta name=\"twitter:label1\" content=\"Tiempo de lectura\" \/>\n\t<meta name=\"twitter:data1\" content=\"25 minutos\" \/>\n<script type=\"application\/ld+json\" class=\"yoast-schema-graph\">{\"@context\":\"https:\/\/schema.org\",\"@graph\":[{\"@type\":\"WebPage\",\"@id\":\"https:\/\/khiva.io\/es\/adaptacion-a-los-cambios-del-mercado\/\",\"url\":\"https:\/\/khiva.io\/es\/adaptacion-a-los-cambios-del-mercado\/\",\"name\":\"Adaptaci\u00f3n a los cambios del mercado - Khiva Intelligence\",\"isPartOf\":{\"@id\":\"https:\/\/100.24.167.4\/#website\"},\"datePublished\":\"2024-11-21T23:11:13+00:00\",\"dateModified\":\"2025-02-28T22:09:32+00:00\",\"breadcrumb\":{\"@id\":\"https:\/\/khiva.io\/es\/adaptacion-a-los-cambios-del-mercado\/#breadcrumb\"},\"inLanguage\":\"es\",\"potentialAction\":[{\"@type\":\"ReadAction\",\"target\":[\"https:\/\/khiva.io\/es\/adaptacion-a-los-cambios-del-mercado\/\"]}]},{\"@type\":\"BreadcrumbList\",\"@id\":\"https:\/\/khiva.io\/es\/adaptacion-a-los-cambios-del-mercado\/#breadcrumb\",\"itemListElement\":[{\"@type\":\"ListItem\",\"position\":1,\"name\":\"Home\",\"item\":\"https:\/\/khiva.io\/es\/\"},{\"@type\":\"ListItem\",\"position\":2,\"name\":\"Adaptaci\u00f3n a los cambios del mercado\"}]},{\"@type\":\"WebSite\",\"@id\":\"https:\/\/100.24.167.4\/#website\",\"url\":\"https:\/\/100.24.167.4\/\",\"name\":\"Khiva Intelligence\",\"description\":\"Strategix Services\",\"potentialAction\":[{\"@type\":\"SearchAction\",\"target\":{\"@type\":\"EntryPoint\",\"urlTemplate\":\"https:\/\/100.24.167.4\/?s={search_term_string}\"},\"query-input\":{\"@type\":\"PropertyValueSpecification\",\"valueRequired\":true,\"valueName\":\"search_term_string\"}}],\"inLanguage\":\"es\"}]}<\/script>\n<!-- \/ Yoast SEO plugin. -->","yoast_head_json":{"title":"Adaptaci\u00f3n a los cambios del mercado - Khiva Intelligence","robots":{"index":"index","follow":"follow","max-snippet":"max-snippet:-1","max-image-preview":"max-image-preview:large","max-video-preview":"max-video-preview:-1"},"canonical":"https:\/\/khiva.io\/es\/adaptacion-a-los-cambios-del-mercado\/","og_locale":"es_ES","og_type":"article","og_title":"Adaptaci\u00f3n a los cambios del mercado - Khiva Intelligence","og_url":"https:\/\/khiva.io\/es\/adaptacion-a-los-cambios-del-mercado\/","og_site_name":"Khiva Intelligence","article_modified_time":"2025-02-28T22:09:32+00:00","twitter_card":"summary_large_image","twitter_misc":{"Tiempo de lectura":"25 minutos"},"schema":{"@context":"https:\/\/schema.org","@graph":[{"@type":"WebPage","@id":"https:\/\/khiva.io\/es\/adaptacion-a-los-cambios-del-mercado\/","url":"https:\/\/khiva.io\/es\/adaptacion-a-los-cambios-del-mercado\/","name":"Adaptaci\u00f3n a los cambios del mercado - Khiva Intelligence","isPartOf":{"@id":"https:\/\/100.24.167.4\/#website"},"datePublished":"2024-11-21T23:11:13+00:00","dateModified":"2025-02-28T22:09:32+00:00","breadcrumb":{"@id":"https:\/\/khiva.io\/es\/adaptacion-a-los-cambios-del-mercado\/#breadcrumb"},"inLanguage":"es","potentialAction":[{"@type":"ReadAction","target":["https:\/\/khiva.io\/es\/adaptacion-a-los-cambios-del-mercado\/"]}]},{"@type":"BreadcrumbList","@id":"https:\/\/khiva.io\/es\/adaptacion-a-los-cambios-del-mercado\/#breadcrumb","itemListElement":[{"@type":"ListItem","position":1,"name":"Home","item":"https:\/\/khiva.io\/es\/"},{"@type":"ListItem","position":2,"name":"Adaptaci\u00f3n a los cambios del mercado"}]},{"@type":"WebSite","@id":"https:\/\/100.24.167.4\/#website","url":"https:\/\/100.24.167.4\/","name":"Khiva Intelligence","description":"Strategix Services","potentialAction":[{"@type":"SearchAction","target":{"@type":"EntryPoint","urlTemplate":"https:\/\/100.24.167.4\/?s={search_term_string}"},"query-input":{"@type":"PropertyValueSpecification","valueRequired":true,"valueName":"search_term_string"}}],"inLanguage":"es"}]}},"_links":{"self":[{"href":"https:\/\/khiva.io\/es\/wp-json\/wp\/v2\/pages\/763","targetHints":{"allow":["GET"]}}],"collection":[{"href":"https:\/\/khiva.io\/es\/wp-json\/wp\/v2\/pages"}],"about":[{"href":"https:\/\/khiva.io\/es\/wp-json\/wp\/v2\/types\/page"}],"author":[{"embeddable":true,"href":"https:\/\/khiva.io\/es\/wp-json\/wp\/v2\/users\/1"}],"replies":[{"embeddable":true,"href":"https:\/\/khiva.io\/es\/wp-json\/wp\/v2\/comments?post=763"}],"version-history":[{"count":15,"href":"https:\/\/khiva.io\/es\/wp-json\/wp\/v2\/pages\/763\/revisions"}],"predecessor-version":[{"id":883,"href":"https:\/\/khiva.io\/es\/wp-json\/wp\/v2\/pages\/763\/revisions\/883"}],"wp:attachment":[{"href":"https:\/\/khiva.io\/es\/wp-json\/wp\/v2\/media?parent=763"}],"curies":[{"name":"wp","href":"https:\/\/api.w.org\/{rel}","templated":true}]}}