{"id":759,"date":"2024-11-21T23:06:09","date_gmt":"2024-11-21T23:06:09","guid":{"rendered":"https:\/\/khiva.io\/innovacion-centrada-en-el-cliente\/"},"modified":"2025-02-28T22:31:47","modified_gmt":"2025-02-28T22:31:47","slug":"innovacion-centrada-en-el-cliente","status":"publish","type":"page","link":"https:\/\/khiva.io\/es\/innovacion-centrada-en-el-cliente\/","title":{"rendered":"Innovaci\u00f3n Centrada en el Cliente"},"content":{"rendered":"<p><section class=\"fusion-fullwidth fullwidth-box fusion-builder-row-1 fusion-flex-container has-pattern-background has-mask-background fusion-parallax-none nonhundred-percent-fullwidth non-hundred-percent-height-scrolling lazyload\" style=\"--awb-background-position:center top;--awb-border-radius-top-left:0px;--awb-border-radius-top-right:0px;--awb-border-radius-bottom-right:0px;--awb-border-radius-bottom-left:0px;--awb-margin-top:0px;--awb-margin-bottom:0px;--awb-background-size:cover;--awb-flex-wrap:wrap;\" data-bg=\"http:\/\/khiva.io\/wp-content\/uploads\/2024\/11\/Client-Centric-Innovation-banner-Khiva-Strategix-Services-2.webp\" data-fusion-responsive-bg=\"1\" data-bg-small=\"http:\/\/khiva.io\/wp-content\/uploads\/2025\/02\/Client-Centric-Innovation-banner-Khiva-Strategix-Services-mobile.webp\" ><div class=\"fusion-builder-row fusion-row fusion-flex-align-items-flex-start fusion-flex-content-wrap\" style=\"max-width:1248px;margin-left: calc(-4% \/ 2 );margin-right: calc(-4% \/ 2 );\"><div class=\"fusion-layout-column fusion_builder_column fusion-builder-column-0 fusion_builder_column_1_1 1_1 fusion-flex-column\" style=\"--awb-padding-top:400px;--awb-padding-bottom:60px;--awb-padding-top-small:380px;--awb-padding-bottom-small:20px;--awb-bg-size:cover;--awb-width-large:100%;--awb-margin-top-large:0px;--awb-spacing-right-large:1.92%;--awb-margin-bottom-large:20px;--awb-spacing-left-large:1.92%;--awb-width-medium:100%;--awb-order-medium:0;--awb-spacing-right-medium:1.92%;--awb-spacing-left-medium:1.92%;--awb-width-small:100%;--awb-order-small:0;--awb-spacing-right-small:1.92%;--awb-spacing-left-small:1.92%;\" data-scroll-devices=\"small-visibility,medium-visibility,large-visibility\"><div class=\"fusion-column-wrapper fusion-column-has-shadow fusion-flex-justify-content-flex-start fusion-content-layout-column\"><div class=\"fusion-title title fusion-title-1 fusion-sep-none fusion-title-text fusion-title-size-one banner-title\" style=\"--awb-text-color:var(--awb-color2);--awb-font-size:2.5em;\"><h1 class=\"fusion-title-heading title-heading-left\" style=\"font-family:var(--awb-typography1-font-family);font-weight:var(--awb-typography1-font-weight);font-style:var(--awb-typography1-font-style);margin:0;font-size:1em;letter-spacing:var(--awb-typography1-letter-spacing);text-transform:var(--awb-typography1-text-transform);line-height:var(--awb-typography1-line-height);text-shadow:6px 6px 10px rgba(24,35,74,0.8);\"><p>INNOVACI\u00d3N CENTRADA<br \/>\n<span class=\"banner-subtitle\">EN EL CLIENTE<\/span><\/p><\/h1><\/div><\/div><\/div><\/div><\/section><div id=\"more\" class=\"fusion-container-anchor\"><main class=\"fusion-fullwidth fullwidth-box fusion-builder-row-2 fusion-flex-container has-pattern-background has-mask-background nonhundred-percent-fullwidth non-hundred-percent-height-scrolling\" style=\"--awb-border-radius-top-left:0px;--awb-border-radius-top-right:0px;--awb-border-radius-bottom-right:0px;--awb-border-radius-bottom-left:0px;--awb-padding-top:60px;--awb-padding-bottom:30px;--awb-margin-bottom:30px;--awb-background-color:var(--awb-color8);--awb-flex-wrap:wrap;\" ><div class=\"fusion-builder-row fusion-row fusion-flex-align-items-flex-start fusion-flex-justify-content-center fusion-flex-content-wrap\" style=\"max-width:1248px;margin-left: calc(-4% \/ 2 );margin-right: calc(-4% \/ 2 );\"><div class=\"fusion-layout-column fusion_builder_column fusion-builder-column-1 fusion_builder_column_1_1 1_1 fusion-flex-column\" style=\"--awb-bg-size:cover;--awb-width-large:100%;--awb-margin-top-large:0px;--awb-spacing-right-large:1.92%;--awb-margin-bottom-large:20px;--awb-spacing-left-large:1.92%;--awb-width-medium:100%;--awb-order-medium:0;--awb-spacing-right-medium:1.92%;--awb-spacing-left-medium:1.92%;--awb-width-small:100%;--awb-order-small:0;--awb-spacing-right-small:1.92%;--awb-spacing-left-small:1.92%;\" data-scroll-devices=\"small-visibility,medium-visibility,large-visibility\"><div class=\"fusion-column-wrapper fusion-column-has-shadow fusion-flex-justify-content-flex-start fusion-content-layout-row fusion-flex-align-items-center\"><div class=\"fusion-image-element \" style=\"text-align:left;--awb-margin-right:20px;--awb-caption-title-font-family:var(--h2_typography-font-family);--awb-caption-title-font-weight:var(--h2_typography-font-weight);--awb-caption-title-font-style:var(--h2_typography-font-style);--awb-caption-title-size:var(--h2_typography-font-size);--awb-caption-title-transform:var(--h2_typography-text-transform);--awb-caption-title-line-height:var(--h2_typography-line-height);--awb-caption-title-letter-spacing:var(--h2_typography-letter-spacing);\"><span class=\" fusion-imageframe imageframe-none imageframe-1 hover-type-none\"><img decoding=\"async\" width=\"69\" height=\"70\" src=\"https:\/\/khiva.io\/wp-content\/uploads\/2024\/11\/Client-Centric-Innovation-icon.webp\" data-orig-src=\"http:\/\/khiva.io\/wp-content\/uploads\/2024\/11\/Client-Centric-Innovation-icon.webp\" alt class=\"lazyload img-responsive wp-image-691\" srcset=\"data:image\/svg+xml,%3Csvg%20xmlns%3D%27http%3A%2F%2Fwww.w3.org%2F2000%2Fsvg%27%20width%3D%2769%27%20height%3D%2770%27%20viewBox%3D%270%200%2069%2070%27%3E%3Crect%20width%3D%2769%27%20height%3D%2770%27%20fill-opacity%3D%220%22%2F%3E%3C%2Fsvg%3E\" data-srcset=\"https:\/\/khiva.io\/wp-content\/uploads\/2024\/11\/Client-Centric-Innovation-icon-66x66.webp 66w, https:\/\/khiva.io\/wp-content\/uploads\/2024\/11\/Client-Centric-Innovation-icon.webp 69w\" data-sizes=\"auto\" data-orig-sizes=\"(max-width: 640px) 100vw, 69px\" \/><\/span><\/div><div class=\"fusion-title title fusion-title-2 fusion-sep-none fusion-title-text fusion-title-size-two\"><h2 class=\"fusion-title-heading title-heading-left\" style=\"margin:0;\">Innovaci\u00f3n Centrada en el Cliente<\/h2><\/div><\/div><\/div><div class=\"fusion-layout-column fusion_builder_column fusion-builder-column-2 fusion_builder_column_1_1 1_1 fusion-flex-column\" style=\"--awb-bg-size:cover;--awb-width-large:100%;--awb-margin-top-large:0px;--awb-spacing-right-large:1.92%;--awb-margin-bottom-large:20px;--awb-spacing-left-large:1.92%;--awb-width-medium:100%;--awb-order-medium:0;--awb-spacing-right-medium:1.92%;--awb-spacing-left-medium:1.92%;--awb-width-small:100%;--awb-order-small:0;--awb-spacing-right-small:1.92%;--awb-spacing-left-small:1.92%;\" data-scroll-devices=\"small-visibility,medium-visibility,large-visibility\"><div class=\"fusion-column-wrapper fusion-column-has-shadow fusion-flex-justify-content-flex-start fusion-content-layout-column\"><div class=\"fusion-text fusion-text-1 intro\" style=\"--awb-content-alignment:left;\"><p>En <b>Khiva Intelligence<\/b>, entendemos que la clave para una transformaci\u00f3n empresarial exitosa y sostenible radica en una comprensi\u00f3n profunda de las necesidades y desaf\u00edos de nuestros clientes. Nuestro enfoque de <b>\u201cInnovaci\u00f3n Centrada en el Cliente\u201d<\/b> se dedica a desarrollar soluciones innovadoras que no solo abordan los problemas actuales, sino que tambi\u00e9n anticipan las demandas futuras, asegurando que nuestros clientes no solo sobrevivan, sino que prosperen en un mercado en constante cambio.<\/p>\n<\/div><\/div><\/div><\/div><\/main><\/div><main class=\"fusion-fullwidth fullwidth-box fusion-builder-row-3 fusion-flex-container has-pattern-background has-mask-background nonhundred-percent-fullwidth non-hundred-percent-height-scrolling\" style=\"--awb-border-radius-top-left:0px;--awb-border-radius-top-right:0px;--awb-border-radius-bottom-right:0px;--awb-border-radius-bottom-left:0px;--awb-flex-wrap:wrap;\" ><div class=\"fusion-builder-row fusion-row fusion-flex-align-items-flex-start fusion-flex-content-wrap\" style=\"max-width:1248px;margin-left: calc(-4% \/ 2 );margin-right: calc(-4% \/ 2 );\"><div class=\"fusion-layout-column fusion_builder_column fusion-builder-column-3 fusion_builder_column_1_1 1_1 fusion-flex-column\" style=\"--awb-bg-size:cover;--awb-width-large:100%;--awb-margin-top-large:0px;--awb-spacing-right-large:1.92%;--awb-margin-bottom-large:20px;--awb-spacing-left-large:1.92%;--awb-width-medium:100%;--awb-order-medium:0;--awb-spacing-right-medium:1.92%;--awb-spacing-left-medium:1.92%;--awb-width-small:100%;--awb-order-small:0;--awb-spacing-right-small:1.92%;--awb-spacing-left-small:1.92%;\"><div class=\"fusion-column-wrapper fusion-column-has-shadow fusion-flex-justify-content-flex-start fusion-content-layout-column\"><\/div><\/div><div class=\"fusion-layout-column fusion_builder_column fusion-builder-column-4 fusion_builder_column_1_1 1_1 fusion-flex-column\" style=\"--awb-bg-size:cover;--awb-width-large:100%;--awb-margin-top-large:0px;--awb-spacing-right-large:1.92%;--awb-margin-bottom-large:20px;--awb-spacing-left-large:1.92%;--awb-width-medium:100%;--awb-order-medium:0;--awb-spacing-right-medium:1.92%;--awb-spacing-left-medium:1.92%;--awb-width-small:100%;--awb-order-small:0;--awb-spacing-right-small:1.92%;--awb-spacing-left-small:1.92%;\"><div class=\"fusion-column-wrapper fusion-column-has-shadow fusion-flex-justify-content-flex-start fusion-content-layout-column\"><div class=\"fusion-text fusion-text-2\"><h3><b>Propuesta de Valor<\/b><\/h3>\n<ul>\n<li><b>Personalizaci\u00f3n Profunda: <\/b>Cada soluci\u00f3n se adapta espec\u00edficamente a las necesidades \u00fanicas de su negocio, garantizando que las estrategias y soluciones implementadas sean las m\u00e1s adecuadas.<\/li>\n<li><b>Asociaci\u00f3n Estrat\u00e9gica:<\/b> Nos posicionamos no solo como proveedores de servicios, sino como socios estrat\u00e9gicos en su viaje de transformaci\u00f3n, ofreciendo asesoramiento y soporte continuo.<\/li>\n<li><b>Innovaci\u00f3n Pr\u00e1ctica:<\/b> Nuestro enfoque en la innovaci\u00f3n va m\u00e1s all\u00e1 de la teor\u00eda; se trata de aplicar ideas creativas y tecnolog\u00edas avanzadas de manera pr\u00e1ctica y efectiva en su entorno empresarial.<\/li>\n<\/ul>\n<h3><b>Beneficios e Impacto<\/b><\/h3>\n<ul>\n<li><b>Aumento de la Competitividad:<\/b> Al mantener a nuestros clientes en el centro de nuestra innovaci\u00f3n, les ayudamos a mantenerse a la vanguardia, asegurando que sean l\u00edderes y no seguidores en su industria.<\/li>\n<li><strong>Eficiencia y Eficacia Mejoradas:<\/strong> Mediante la implementaci\u00f3n de soluciones personalizadas y la optimizaci\u00f3n de procesos, nuestros clientes experimentan mejoras significativas en eficiencia y eficacia operativa.<\/li>\n<li><b>Preparaci\u00f3n para el Futuro:<\/b> Aseguramos que las empresas no solo respondan a las tendencias actuales, sino que tambi\u00e9n est\u00e9n preparadas para futuras disrupciones y oportunidades.<\/li>\n<\/ul>\n<\/div><div class=\"fusion-separator\" style=\"align-self: flex-start;margin-right:auto;margin-top:10px;margin-bottom:30px;width:100%;max-width:50%;\"><div class=\"fusion-separator-border sep-single sep-solid\" style=\"--awb-height:20px;--awb-amount:20px;--awb-sep-color:var(--awb-color2);border-color:var(--awb-color2);border-top-width:1px;\"><\/div><\/div><div class=\"fusion-text fusion-text-3\"><p><em><b>Innovaci\u00f3n Centrada en el Cliente<\/b><\/em> no es solo un t\u00e9rmino; es la esencia de c\u00f3mo creamos valor duradero y significativo para nuestros clientes, ayud\u00e1ndolos a reinventarse y crecer en la era digital.<\/p>\n<\/div><\/div><\/div><\/div><\/main><\/p>\n","protected":false},"excerpt":{"rendered":"","protected":false},"author":1,"featured_media":0,"parent":0,"menu_order":0,"comment_status":"closed","ping_status":"closed","template":"100-width.php","meta":{"content-type":"","footnotes":""},"class_list":["post-759","page","type-page","status-publish","hentry"],"yoast_head":"<!-- This site is optimized with the Yoast SEO plugin v25.8 - https:\/\/yoast.com\/wordpress\/plugins\/seo\/ -->\n<title>Innovaci\u00f3n Centrada en el Cliente - Khiva Intelligence<\/title>\n<meta name=\"robots\" content=\"index, follow, max-snippet:-1, max-image-preview:large, max-video-preview:-1\" \/>\n<link rel=\"canonical\" href=\"https:\/\/khiva.io\/es\/innovacion-centrada-en-el-cliente\/\" \/>\n<meta property=\"og:locale\" content=\"es_ES\" \/>\n<meta property=\"og:type\" content=\"article\" \/>\n<meta property=\"og:title\" content=\"Innovaci\u00f3n Centrada en el Cliente - Khiva Intelligence\" \/>\n<meta property=\"og:url\" content=\"https:\/\/khiva.io\/es\/innovacion-centrada-en-el-cliente\/\" \/>\n<meta property=\"og:site_name\" content=\"Khiva Intelligence\" \/>\n<meta property=\"article:modified_time\" content=\"2025-02-28T22:31:47+00:00\" \/>\n<meta name=\"twitter:card\" content=\"summary_large_image\" \/>\n<meta name=\"twitter:label1\" content=\"Tiempo de lectura\" \/>\n\t<meta name=\"twitter:data1\" content=\"27 minutos\" \/>\n<script type=\"application\/ld+json\" class=\"yoast-schema-graph\">{\"@context\":\"https:\/\/schema.org\",\"@graph\":[{\"@type\":\"WebPage\",\"@id\":\"https:\/\/khiva.io\/es\/innovacion-centrada-en-el-cliente\/\",\"url\":\"https:\/\/khiva.io\/es\/innovacion-centrada-en-el-cliente\/\",\"name\":\"Innovaci\u00f3n Centrada en el Cliente - Khiva Intelligence\",\"isPartOf\":{\"@id\":\"https:\/\/100.24.167.4\/#website\"},\"datePublished\":\"2024-11-21T23:06:09+00:00\",\"dateModified\":\"2025-02-28T22:31:47+00:00\",\"breadcrumb\":{\"@id\":\"https:\/\/khiva.io\/es\/innovacion-centrada-en-el-cliente\/#breadcrumb\"},\"inLanguage\":\"es\",\"potentialAction\":[{\"@type\":\"ReadAction\",\"target\":[\"https:\/\/khiva.io\/es\/innovacion-centrada-en-el-cliente\/\"]}]},{\"@type\":\"BreadcrumbList\",\"@id\":\"https:\/\/khiva.io\/es\/innovacion-centrada-en-el-cliente\/#breadcrumb\",\"itemListElement\":[{\"@type\":\"ListItem\",\"position\":1,\"name\":\"Home\",\"item\":\"https:\/\/khiva.io\/es\/\"},{\"@type\":\"ListItem\",\"position\":2,\"name\":\"Innovaci\u00f3n Centrada en el Cliente\"}]},{\"@type\":\"WebSite\",\"@id\":\"https:\/\/100.24.167.4\/#website\",\"url\":\"https:\/\/100.24.167.4\/\",\"name\":\"Khiva Intelligence\",\"description\":\"Strategix Services\",\"potentialAction\":[{\"@type\":\"SearchAction\",\"target\":{\"@type\":\"EntryPoint\",\"urlTemplate\":\"https:\/\/100.24.167.4\/?s={search_term_string}\"},\"query-input\":{\"@type\":\"PropertyValueSpecification\",\"valueRequired\":true,\"valueName\":\"search_term_string\"}}],\"inLanguage\":\"es\"}]}<\/script>\n<!-- \/ Yoast SEO plugin. -->","yoast_head_json":{"title":"Innovaci\u00f3n Centrada en el Cliente - Khiva Intelligence","robots":{"index":"index","follow":"follow","max-snippet":"max-snippet:-1","max-image-preview":"max-image-preview:large","max-video-preview":"max-video-preview:-1"},"canonical":"https:\/\/khiva.io\/es\/innovacion-centrada-en-el-cliente\/","og_locale":"es_ES","og_type":"article","og_title":"Innovaci\u00f3n Centrada en el Cliente - Khiva Intelligence","og_url":"https:\/\/khiva.io\/es\/innovacion-centrada-en-el-cliente\/","og_site_name":"Khiva Intelligence","article_modified_time":"2025-02-28T22:31:47+00:00","twitter_card":"summary_large_image","twitter_misc":{"Tiempo de lectura":"27 minutos"},"schema":{"@context":"https:\/\/schema.org","@graph":[{"@type":"WebPage","@id":"https:\/\/khiva.io\/es\/innovacion-centrada-en-el-cliente\/","url":"https:\/\/khiva.io\/es\/innovacion-centrada-en-el-cliente\/","name":"Innovaci\u00f3n Centrada en el Cliente - Khiva Intelligence","isPartOf":{"@id":"https:\/\/100.24.167.4\/#website"},"datePublished":"2024-11-21T23:06:09+00:00","dateModified":"2025-02-28T22:31:47+00:00","breadcrumb":{"@id":"https:\/\/khiva.io\/es\/innovacion-centrada-en-el-cliente\/#breadcrumb"},"inLanguage":"es","potentialAction":[{"@type":"ReadAction","target":["https:\/\/khiva.io\/es\/innovacion-centrada-en-el-cliente\/"]}]},{"@type":"BreadcrumbList","@id":"https:\/\/khiva.io\/es\/innovacion-centrada-en-el-cliente\/#breadcrumb","itemListElement":[{"@type":"ListItem","position":1,"name":"Home","item":"https:\/\/khiva.io\/es\/"},{"@type":"ListItem","position":2,"name":"Innovaci\u00f3n Centrada en el Cliente"}]},{"@type":"WebSite","@id":"https:\/\/100.24.167.4\/#website","url":"https:\/\/100.24.167.4\/","name":"Khiva Intelligence","description":"Strategix Services","potentialAction":[{"@type":"SearchAction","target":{"@type":"EntryPoint","urlTemplate":"https:\/\/100.24.167.4\/?s={search_term_string}"},"query-input":{"@type":"PropertyValueSpecification","valueRequired":true,"valueName":"search_term_string"}}],"inLanguage":"es"}]}},"_links":{"self":[{"href":"https:\/\/khiva.io\/es\/wp-json\/wp\/v2\/pages\/759","targetHints":{"allow":["GET"]}}],"collection":[{"href":"https:\/\/khiva.io\/es\/wp-json\/wp\/v2\/pages"}],"about":[{"href":"https:\/\/khiva.io\/es\/wp-json\/wp\/v2\/types\/page"}],"author":[{"embeddable":true,"href":"https:\/\/khiva.io\/es\/wp-json\/wp\/v2\/users\/1"}],"replies":[{"embeddable":true,"href":"https:\/\/khiva.io\/es\/wp-json\/wp\/v2\/comments?post=759"}],"version-history":[{"count":11,"href":"https:\/\/khiva.io\/es\/wp-json\/wp\/v2\/pages\/759\/revisions"}],"predecessor-version":[{"id":927,"href":"https:\/\/khiva.io\/es\/wp-json\/wp\/v2\/pages\/759\/revisions\/927"}],"wp:attachment":[{"href":"https:\/\/khiva.io\/es\/wp-json\/wp\/v2\/media?parent=759"}],"curies":[{"name":"wp","href":"https:\/\/api.w.org\/{rel}","templated":true}]}}